{"id":708,"date":"2022-01-26T17:22:44","date_gmt":"2022-01-26T17:22:44","guid":{"rendered":"http:\/\/arslibera.com\/galleria\/?page_id=708"},"modified":"2026-02-13T08:00:15","modified_gmt":"2026-02-13T08:00:15","slug":"nayttelyhaku-2026-2027","status":"publish","type":"page","link":"https:\/\/arslibera.com\/galleria\/nayttelyhaku-2026-2027\/","title":{"rendered":""},"content":{"rendered":"<h2>N\u00c4YTTELYHAKU ON P\u00c4\u00c4TTYNYT \/ OPEN CALL IS ENDED<\/h2>\n<p><strong>SEURAAVA HAKUAIKA ON MARRASKUUSSA 2026! NEXT OPEN CALL IS ON NOVEMBER 2026! <\/strong><\/p>\n<p><strong>Galleria Ars Liberan n\u00e4yttely- ja tapahtumahaku \/ Kes\u00e4 2026 &#8211; kev\u00e4t 2027<br \/>\n<\/strong><\/p>\n<p>Haku on avoinna 1.-30.11.2025.<\/p>\n<p>(in English below)<\/p>\n<p>Galleria Ars Libera kutsuu taiteilijoita ja taiteilijaryhmi\u00e4 j\u00e4tt\u00e4m\u00e4\u00e4n n\u00e4yttely-, tapahtuma- ja projektiehdotuksia. Haemme tilaan uusia nykytaiteeseen keskittyvi\u00e4 ehdotuksia.<\/p>\n<p>Voit ehdottaa n\u00e4yttelyaikaa, projektia tai tapahtumaa yhdest\u00e4 p\u00e4iv\u00e4st\u00e4 nelj\u00e4\u00e4n viikkoon.<br \/>\n<span style=\"color: #000000;\"><strong>Syyskausi 2026: 07 \u2013 12\/2026 <\/strong><\/span>(alk. viikko 27)<strong><br \/>\nKev\u00e4tkausi 2026: 01-06\/2027<\/strong><\/p>\n<p><strong>Galleria Ars Libera<\/strong><br \/>\nGalleria Ars Libera on nykytaiteeseen keskittyv\u00e4 n\u00e4yttelytila ja se sijaitsee Kuopion keskustassa, osoitteessa Maaherrankatu 9. Gallerian sis\u00e4\u00e4nk\u00e4ynti on portaaton. N\u00e4yttelyvalvonnasta huolehtii galleriaty\u00f6ntekij\u00e4. Katutasossa oleva n\u00e4yttelytila on kooltaan 23 m2, huonekorkeus on 3,8m.<\/p>\n<p>Gallerian sein\u00e4t on vaneroitu (kork. n. 2,85m) ja niihin voi porata ja naulata. Kattoon ei voi<br \/>\nripustaa. Gallerialla on k\u00e4yt\u00f6ss\u00e4 videotykki, Rasp PI ja media player sek\u00e4 useita erikokoisia<br \/>\njalustoja. Lis\u00e4ksi k\u00e4yt\u00f6ss\u00e4 on p\u00f6yt\u00e4 ja jakkaroita. Muista laitteista ja v\u00e4lineist\u00e4 voi kysy\u00e4 lis\u00e4tietoja.<\/p>\n<p>Gallerian toiminnasta vastaa Kuopion Kuvataiteilijat ry Ars Libera. Yhdistyksen tarkoituksena on edist\u00e4\u00e4 ja tehostaa n\u00e4yttelytoimintaa ja vahvistaa kuvataiteilijoiden asemaa.\u00a0Ars Libera ei peri taiteilijoilta galleriavuokraa. Teosmyynnin provisio on 8%. Taiteilijoille maksetaan n\u00e4yttelypalkkio, mik\u00e4li yhdistys saa Museoviraston avustuksen.<\/p>\n<p><span style=\"font-weight: 400;\">N\u00e4yttelyt valitsee yhdistyksen j\u00e4senist\u00f6st\u00e4 koostuva n\u00e4yttelyty\u00f6ryhm\u00e4.<\/span><\/p>\n<p><strong>Hakemus koostuu (HUOM! 1 pdf-tiedosto):<\/strong><br \/>\n\u2013 Hakijan yhteystiedot: etu- ja sukunimi, puhelinnumero, s\u00e4hk\u00f6posti. Taiteilijaryhm\u00e4ll\u00e4 on oltava yhteyshenkil\u00f6.<br \/>\n\u2013 N\u00e4yttely\/tapahtuma\/projektiehdotus<br \/>\n\u2013 N\u00e4yttelyjakson \/ tapahtuman toivottu ajankohta sek\u00e4 kesto<br \/>\n\u2013 Ehdotusta tukeva kuva-aineisto. Jos ehdotuksesi sis\u00e4lt\u00e4\u00e4 liikkuvaa kuvaa, liit\u00e4 videolinkki hakemukseesi.<br \/>\n\u2013 Ansioluettelo<\/p>\n<p><span style=\"color: #ff00ff;\"><strong>L\u00e4het\u00e4 hakemus yhten\u00e4 pdf-tiedostona (maksimikoko 4 MB).<\/strong><\/span><br \/>\nNime\u00e4 tiedosto etunimi-sukunimi-hakemus.pdf<br \/>\nHakemukset voi kirjoittaa suomeksi tai englanniksi.<\/p>\n<p><strong><span style=\"color: #ff00ff;\">L\u00e4het\u00e4 hakemus 30.11.2025 (23:59 Suomen aikaa) menness\u00e4 osoitteeseen:<\/span><br \/>\ngalleria.arslibera (at) gmail.com<\/strong><\/p>\n<p><strong>\/\/<\/strong><\/p>\n<p><strong>Open call for Gallery Ars Libera \/ Summer 2026 &#8211; Summer 2027<\/strong><\/p>\n<p>Gallery Ars Libera invites artists and artist groups to submit exhibition, event and project<br \/>\nproposals. We are looking for new, contemporary-oriented proposals.<\/p>\n<p>Gallery Ars Libera is a contemporary art gallery located in the centre of Kuopio, at the address Maaherrankatu 9. The exhibition space is 23 m2 in size, room height is 3,8m, street view with windows.<\/p>\n<p>The gallery walls are paneled with plywood (height approx. 2.85 m) and can be drilled or nailed into. Hanging from the ceiling is not allowed. The gallery has a video projector, a Raspberry Pi, a media player, and several stands of various sizes. A table and stools are also available. For more information about other equipment and tools, please inquire further.<\/p>\n<p>The gallery is run by the Kuopio Artists\u2019 Association Ars Libera. The purpose of the association is to promote and enhance the exhibition activities and to strengthen the position of visual artists.\u00a0<span style=\"font-weight: 400;\">\u00a0<\/span>Ars Libera does not charge rent for the exhibitions it hosts. Selling commission is 8%. Artists are paid an exhibition fee if Ars Libera receives a grant from Finnish Heritage Agency.<\/p>\n<p><span style=\"font-weight: 400;\">The exhibitions are selected by a committee consisting of members of the organization Ars Libera.<\/span><\/p>\n<p><strong>EXHIBITION PROGRAMME 2026\u20132027<\/strong><br \/>\nYou can suggest an exhibition time, project or event from one day to five weeks.<strong><br \/>\nFall period 2026: 07 &#8211; 12\/2026 (Starting week 27)<br \/>\nSpring period 2027: 01 \u2013 06\/2027<\/strong><\/p>\n<p><span style=\"color: #ff00ff;\"><strong>Application consists of (one pdf-file!):<\/strong><\/span><br \/>\n\u2013 Contact details of the applicant: first and last name, telephone, e-mail. Artist group must<br \/>\nhave a contact person.<br \/>\n\u2013 Exhibition \/ Event \/ Project proposal<br \/>\n\u2013 Supporting image material. If your suggestion contains a moving image, attach a video<br \/>\nlink to your application.<br \/>\n\u2013 A curriculum vitae<\/p>\n<p><span style=\"color: #ff00ff;\"><strong>Submit the application as a single pdf file (maximum size 4 MB).<\/strong><br \/>\n<\/span>Please name the file in the style of firstname-lastname-application.pdf<br \/>\nApplications can be written in Finnish or English.<\/p>\n<p>Application should include preferred time(s) for the exhibition or event.<\/p>\n<p><strong><span style=\"color: #ff00ff;\">The deadline is 30.11.2025 (23:59 Finnish time).<\/span><\/strong><strong><br \/>\n<\/strong><span style=\"color: #000000;\">Submit your proposal to: galleria.arslibera (at) gmail.com\u00a0<\/span><\/p>\n<p>\/\/<\/p>\n<p><strong>Galleria Ars Libera: https:\/\/arslibera.com\/galleria<br \/>\n<\/strong><\/p>\n<figure id=\"attachment_1243\" aria-describedby=\"caption-attachment-1243\" style=\"width: 6080px\" class=\"wp-caption alignnone\"><img loading=\"lazy\" class=\"wp-image-1243 size-full\" src=\"http:\/\/arslibera.com\/galleria\/wp-content\/uploads\/2024\/11\/360_galleria_ars_libera.png\" alt=\"\" width=\"6080\" height=\"3040\" srcset=\"https:\/\/arslibera.com\/galleria\/wp-content\/uploads\/2024\/11\/360_galleria_ars_libera.png 6080w, https:\/\/arslibera.com\/galleria\/wp-content\/uploads\/2024\/11\/360_galleria_ars_libera-300x150.png 300w, https:\/\/arslibera.com\/galleria\/wp-content\/uploads\/2024\/11\/360_galleria_ars_libera-768x384.png 768w, https:\/\/arslibera.com\/galleria\/wp-content\/uploads\/2024\/11\/360_galleria_ars_libera-1024x512.png 1024w, https:\/\/arslibera.com\/galleria\/wp-content\/uploads\/2024\/11\/360_galleria_ars_libera-1200x600.png 1200w\" sizes=\"(max-width: 709px) 85vw, (max-width: 909px) 67vw, (max-width: 1362px) 62vw, 840px\" \/><figcaption id=\"caption-attachment-1243\" class=\"wp-caption-text\">kuva\/image: Katarina Karppinen<\/figcaption><\/figure>\n<p><strong>Gallerian virtuaalikierros \/ Virtual round:<\/strong>\u00a0<a href=\"https:\/\/kuula.co\/share\/hhP66?logo=1&amp;info=1&amp;fs=1&amp;vr=0&amp;sd=1&amp;thumbs=1\">virtuaalikierros &#8211; Galleria Ars Libera \/ Virtual round &#8211; Gallery Ars Libera<\/a><\/p>\n<p><b>Pohjapiirros \/ Floor plan: Galleria Ars Libera<\/b><\/p>\n<p><img loading=\"lazy\" class=\"alignnone size-full wp-image-1390\" src=\"http:\/\/arslibera.com\/galleria\/wp-content\/uploads\/2025\/10\/Galleria-Ars-Libera-pohjakuva-1.jpg\" alt=\"\" width=\"2537\" height=\"2000\" srcset=\"https:\/\/arslibera.com\/galleria\/wp-content\/uploads\/2025\/10\/Galleria-Ars-Libera-pohjakuva-1.jpg 2537w, https:\/\/arslibera.com\/galleria\/wp-content\/uploads\/2025\/10\/Galleria-Ars-Libera-pohjakuva-1-300x236.jpg 300w, https:\/\/arslibera.com\/galleria\/wp-content\/uploads\/2025\/10\/Galleria-Ars-Libera-pohjakuva-1-1024x807.jpg 1024w, https:\/\/arslibera.com\/galleria\/wp-content\/uploads\/2025\/10\/Galleria-Ars-Libera-pohjakuva-1-768x605.jpg 768w, https:\/\/arslibera.com\/galleria\/wp-content\/uploads\/2025\/10\/Galleria-Ars-Libera-pohjakuva-1-1536x1211.jpg 1536w, https:\/\/arslibera.com\/galleria\/wp-content\/uploads\/2025\/10\/Galleria-Ars-Libera-pohjakuva-1-2048x1615.jpg 2048w, https:\/\/arslibera.com\/galleria\/wp-content\/uploads\/2025\/10\/Galleria-Ars-Libera-pohjakuva-1-1200x946.jpg 1200w\" sizes=\"(max-width: 709px) 85vw, (max-width: 909px) 67vw, (max-width: 1362px) 62vw, 840px\" \/><\/p>\n","protected":false},"excerpt":{"rendered":"<p>N\u00c4YTTELYHAKU ON P\u00c4\u00c4TTYNYT \/ OPEN CALL IS ENDED SEURAAVA HAKUAIKA ON MARRASKUUSSA 2026! NEXT OPEN CALL IS ON NOVEMBER 2026! Galleria Ars Liberan n\u00e4yttely- ja tapahtumahaku \/ Kes\u00e4 2026 &#8211; kev\u00e4t 2027 Haku on avoinna 1.-30.11.2025. (in English below) Galleria Ars Libera kutsuu taiteilijoita ja taiteilijaryhmi\u00e4 j\u00e4tt\u00e4m\u00e4\u00e4n n\u00e4yttely-, tapahtuma- ja projektiehdotuksia. Haemme tilaan uusia nykytaiteeseen &hellip; <a href=\"https:\/\/arslibera.com\/galleria\/nayttelyhaku-2026-2027\/\" class=\"more-link\">Jatka lukemista<span class=\"screen-reader-text\"> &#8221;&#8221;<\/span><\/a><\/p>\n","protected":false},"author":1,"featured_media":0,"parent":0,"menu_order":0,"comment_status":"closed","ping_status":"closed","template":"","meta":[],"_links":{"self":[{"href":"https:\/\/arslibera.com\/galleria\/wp-json\/wp\/v2\/pages\/708"}],"collection":[{"href":"https:\/\/arslibera.com\/galleria\/wp-json\/wp\/v2\/pages"}],"about":[{"href":"https:\/\/arslibera.com\/galleria\/wp-json\/wp\/v2\/types\/page"}],"author":[{"embeddable":true,"href":"https:\/\/arslibera.com\/galleria\/wp-json\/wp\/v2\/users\/1"}],"replies":[{"embeddable":true,"href":"https:\/\/arslibera.com\/galleria\/wp-json\/wp\/v2\/comments?post=708"}],"version-history":[{"count":44,"href":"https:\/\/arslibera.com\/galleria\/wp-json\/wp\/v2\/pages\/708\/revisions"}],"predecessor-version":[{"id":1425,"href":"https:\/\/arslibera.com\/galleria\/wp-json\/wp\/v2\/pages\/708\/revisions\/1425"}],"wp:attachment":[{"href":"https:\/\/arslibera.com\/galleria\/wp-json\/wp\/v2\/media?parent=708"}],"curies":[{"name":"wp","href":"https:\/\/api.w.org\/{rel}","templated":true}]}}