{"id":38,"date":"2018-01-08T17:43:16","date_gmt":"2018-01-08T17:43:16","guid":{"rendered":"http:\/\/arslibera.com\/galleria\/?page_id=38"},"modified":"2026-01-27T11:42:52","modified_gmt":"2026-01-27T11:42:52","slug":"galleria","status":"publish","type":"page","link":"https:\/\/arslibera.com\/galleria\/galleria\/","title":{"rendered":"Galleria"},"content":{"rendered":"\n<figure class=\"wp-block-image size-large\"><img loading=\"lazy\" width=\"1024\" height=\"683\" src=\"https:\/\/arslibera.com\/galleria\/wp-content\/uploads\/2025\/06\/IMG_2955-1-1024x683.jpeg\" alt=\"\" class=\"wp-image-1348\" srcset=\"https:\/\/arslibera.com\/galleria\/wp-content\/uploads\/2025\/06\/IMG_2955-1-1024x683.jpeg 1024w, https:\/\/arslibera.com\/galleria\/wp-content\/uploads\/2025\/06\/IMG_2955-1-300x200.jpeg 300w, https:\/\/arslibera.com\/galleria\/wp-content\/uploads\/2025\/06\/IMG_2955-1-768x512.jpeg 768w, https:\/\/arslibera.com\/galleria\/wp-content\/uploads\/2025\/06\/IMG_2955-1-1536x1024.jpeg 1536w, https:\/\/arslibera.com\/galleria\/wp-content\/uploads\/2025\/06\/IMG_2955-1-2048x1365.jpeg 2048w, https:\/\/arslibera.com\/galleria\/wp-content\/uploads\/2025\/06\/IMG_2955-1-1200x800.jpeg 1200w\" sizes=\"(max-width: 709px) 85vw, (max-width: 909px) 67vw, (max-width: 1362px) 62vw, 840px\" \/><figcaption><em>kuva: Katarina Karppinen<\/em><\/figcaption><\/figure>\n\n\n<p>\u00a0<\/p>\n<p><b>Galleria Ars Libera<\/b> on nykytaiteeseen keskittyv\u00e4 n\u00e4yttelytila Kuopion ytimess\u00e4 Maaherrankatu 9:ss\u00e4. Katutason kompakti galleria (23 m\u00b2) tarjoaa valoisan tilan taiteelle aivan Snellmaninpuiston kupeessa, l\u00e4hell\u00e4 keskustan vilin\u00e4\u00e4.\u00a0<\/p>\n<p>Gallerian toiminnasta vastaa Kuopion kuvataiteilijat ry Ars Libera. Yhdistys toimii edist\u00e4\u00e4kseen n\u00e4yttelytoimintaa ja vahvistaakseen kuvataiteilijoiden asemaa. Ars Libera ei peri taiteilijoilta galleriavuokraa, ja toivottaa vuosittaisen avoimen haun kautta taiteilijat ymp\u00e4ri Suomen n\u00e4ytille Pohjois-Savon syd\u00e4meen.<\/p>\n<p>Galleria Ars Liberan toimintaa tukee Kuopion kaupunki sek\u00e4 Taiteen edist\u00e4miskeskus.<\/p>\n<p><a href=\"http:\/\/arslibera.com\/galleria\/kuvat-2\/\">Kuvia galleriatilasta<\/a><\/p>\n<p>\/\/<\/p>\n<p><strong>Galleria Ars Libera<\/strong> is an artist-run contemporary art gallery in the centre of Kuopio, at Maaherrankatu 9. The street-level, compact exhibition space (23 m\u00b2) offers a well lit space for art next to the Snellmanninpuisto-park, right near the city centre.<\/p>\n<p>The gallery is run by Kuopion kuvataiteilijat ry Ars Libera \u2013 the artists\u2019 association of Kuopio. The association aims to promote contemporary art activities and strengthen the position of visual artists. The gallery does not charge rent for the exhibitions it hosts, and welcomes artists from around Finland to apply in the yearly open call for exhibitions.<\/p>\n<p>Galleria Ars Libera&#8217;s work is supported by the City of Kuopio and Arts Promotion Centre Finland.<\/p>\n<p><a href=\"http:\/\/arslibera.com\/galleria\/kuvat-2\/\">Photos of the gallery space<\/a><\/p>\n<p>&#8211; &#8211;<\/p>\n<p><strong>Galleria Ars Libera<\/strong><br \/>Maaherrankatu 9<br \/>70100 Kuopio, Finland<\/p>\n<p>Avoinna \/ Open<\/p>\n<p>ke\u2013pe 14-18, la-su 12-17, Vapaa p\u00e4\u00e4sy, tervetuloa!<br \/>Wed-Fri 2pm-6pm, Sat-Sun 12pm-5pm, Free Entry, Welcome!<\/p>\n<p>E-mail: galleria.arslibera (at) gmail.com<\/p>\n<p>Puhelin:\u00a0+358 41 3195291<\/p>\n<p>Instagram: <a href=\"http:\/\/instagram.com\/galleria.arslibera\" target=\"_blank\" rel=\"noopener\">instagram.com\/galleria.arslibera<\/a><\/p>\n<p>Facebook: <a href=\"http:\/\/facebook.com\/galleria.arslibera\" target=\"_blank\" rel=\"noopener\">facebook.com\/galleria.arslibera<\/a><\/p>\n<p><img loading=\"lazy\" class=\"alignnone wp-image-735\" src=\"http:\/\/arslibera.com\/galleria\/wp-content\/uploads\/2022\/01\/i-love-kuopio-logo.png\" alt=\"\" width=\"200\" height=\"150\" \/><img loading=\"lazy\" class=\"size-medium wp-image-124 alignnone\" src=\"http:\/\/arslibera.com\/galleria\/wp-content\/uploads\/2018\/03\/taike_vaaka_v2-300x74.png\" alt=\"\" width=\"300\" height=\"74\" srcset=\"https:\/\/arslibera.com\/galleria\/wp-content\/uploads\/2018\/03\/taike_vaaka_v2-300x74.png 300w, https:\/\/arslibera.com\/galleria\/wp-content\/uploads\/2018\/03\/taike_vaaka_v2-768x188.png 768w, https:\/\/arslibera.com\/galleria\/wp-content\/uploads\/2018\/03\/taike_vaaka_v2-1024x251.png 1024w, https:\/\/arslibera.com\/galleria\/wp-content\/uploads\/2018\/03\/taike_vaaka_v2-1200x294.png 1200w\" sizes=\"(max-width: 300px) 85vw, 300px\" \/>\u00a0 \u00a0 \u00a0 \u00a0 <img loading=\"lazy\" class=\"wp-image-156 alignnone\" src=\"http:\/\/arslibera.com\/galleria\/wp-content\/uploads\/2018\/05\/skr-logo.jpg\" alt=\"\" width=\"150\" height=\"164\" \/><\/p>","protected":false},"excerpt":{"rendered":"<p>\u00a0 Galleria Ars Libera on nykytaiteeseen keskittyv\u00e4 n\u00e4yttelytila Kuopion ytimess\u00e4 Maaherrankatu 9:ss\u00e4. Katutason kompakti galleria (23 m\u00b2) tarjoaa valoisan tilan taiteelle aivan Snellmaninpuiston kupeessa, l\u00e4hell\u00e4 keskustan vilin\u00e4\u00e4.\u00a0 Gallerian toiminnasta vastaa Kuopion kuvataiteilijat ry Ars Libera. Yhdistys toimii edist\u00e4\u00e4kseen n\u00e4yttelytoimintaa ja vahvistaakseen kuvataiteilijoiden asemaa. Ars Libera ei peri taiteilijoilta galleriavuokraa, ja toivottaa vuosittaisen avoimen haun kautta &hellip; <a href=\"https:\/\/arslibera.com\/galleria\/galleria\/\" class=\"more-link\">Jatka lukemista<span class=\"screen-reader-text\"> &#8221;Galleria&#8221;<\/span><\/a><\/p>\n","protected":false},"author":1,"featured_media":0,"parent":0,"menu_order":0,"comment_status":"closed","ping_status":"closed","template":"","meta":[],"_links":{"self":[{"href":"https:\/\/arslibera.com\/galleria\/wp-json\/wp\/v2\/pages\/38"}],"collection":[{"href":"https:\/\/arslibera.com\/galleria\/wp-json\/wp\/v2\/pages"}],"about":[{"href":"https:\/\/arslibera.com\/galleria\/wp-json\/wp\/v2\/types\/page"}],"author":[{"embeddable":true,"href":"https:\/\/arslibera.com\/galleria\/wp-json\/wp\/v2\/users\/1"}],"replies":[{"embeddable":true,"href":"https:\/\/arslibera.com\/galleria\/wp-json\/wp\/v2\/comments?post=38"}],"version-history":[{"count":44,"href":"https:\/\/arslibera.com\/galleria\/wp-json\/wp\/v2\/pages\/38\/revisions"}],"predecessor-version":[{"id":1418,"href":"https:\/\/arslibera.com\/galleria\/wp-json\/wp\/v2\/pages\/38\/revisions\/1418"}],"wp:attachment":[{"href":"https:\/\/arslibera.com\/galleria\/wp-json\/wp\/v2\/media?parent=38"}],"curies":[{"name":"wp","href":"https:\/\/api.w.org\/{rel}","templated":true}]}}