{"id":36,"date":"2018-01-08T17:43:01","date_gmt":"2018-01-08T17:43:01","guid":{"rendered":"http:\/\/arslibera.com\/galleria\/?page_id=36"},"modified":"2026-02-13T08:10:33","modified_gmt":"2026-02-13T08:10:33","slug":"nayttelykalenteri","status":"publish","type":"page","link":"https:\/\/arslibera.com\/galleria\/nayttelykalenteri\/","title":{"rendered":"N\u00e4yttelykalenteri"},"content":{"rendered":"<h5><strong>Galleria Ars Liberan n\u00e4yttelykalenteri \/ Exhibition calendar\u00a0<\/strong><\/h5>\n<p><strong>2026<\/strong><\/p>\n<p>9.1.-1.2.2026 Hans-Peter Sch\u00fctt<\/p>\n<p><strong>6.2.-1.3.2026 Jonna Salonen<\/strong><\/p>\n<p>6.-29.3.2026 Riikka Viinikanoja<\/p>\n<p>4.-26.4.2026 Jenni Ypp\u00e4ril\u00e4<\/p>\n<p>2.-24.5.2026 Sirkku Rosi<\/p>\n<p>29.5.-21.6.2026 Sirja Moberg<\/p>\n<p>26.6.-19.7.2026 Jone Mutka<\/p>\n<p>24.7.-16.8.2026 Sanna Nissinen<\/p>\n<p>21.8.-13.9.2026 Veera Konsti<\/p>\n<p>20.9.-25.10.2026 Kuopion Mediataidefestarit<\/p>\n<p>30.10.-22.11.2026 Antti-Ville Reinikainen<\/p>\n<p>27.11.-20.12.2026 Jaana Maijala<\/p>\n<p><strong>2027<\/strong><\/p>\n<p>8.-31.1.2027 Ilkka Kivel\u00e4<\/p>\n<p>5.-28.2.2027 Hanna Per\u00e4kyl\u00e4<\/p>\n<p>5.-28.3.2027 Vesa Hjort<\/p>\n<p>2.-25.4.2027 Katarina Karppinen<\/p>\n<p>30.4.-23.5.2027 P\u00e4ivi Allonen<\/p>\n<p>28.5.-20.6.2027 Bekim Hasaj ja Valentina Gelain<\/p>\n<p>2.-25.7.2027 Vera den Arend ja Sonja Korkman<\/p>\n<p><strong>Aiemmat n\u00e4yttelyt:<\/strong><\/p>\n<p><strong>2025<\/strong><\/p>\n<p>17.1.-9.2.2025 Jouko Vatanen<\/p>\n<p>14.2.-9.3.2025 Christian Langenski\u00f6ld<\/p>\n<p>14.3.-6.4.2025 Maria Nuutinen<\/p>\n<p>11.4.-4.5.2025 Eeva-Liisa Puhakka<\/p>\n<p>9.5.-1.6.2025 Mari Arvinen<\/p>\n<p>6.6.-29.6.2025 Tiina Tanskanen ja Harriet Jeffery<\/p>\n<p>4.-27.7.2025 Noora Ylipieti<\/p>\n<p>1.-24.8.2025 Siiri Torvinen<\/p>\n<p>27.8.-7.9.2025 Johanna Sinkkonen<\/p>\n<p>19.9.-12.10.2025 Rikkomo &#8211; Aumala, Saikkonen, Salkosalo<\/p>\n<p>17.10.-9.11.2025 Topi Juntune<\/p>\n<p>14.11.-7.12.2025 Panu Johansson<\/p>\n<p>12.12.2025-4.1.2026 Jaana Rannikko<\/p>\n<p><strong>2024<\/strong><\/p>\n<p>19.1.-11.2.2024 Eero Yrj\u00f6l\u00e4: Little Boy Blue<\/p>\n<p>16.2.-10.3.2024 Arto V\u00e4is\u00e4nen: Tikkana paikalla<\/p>\n<p>15.3.-7.4.2024 \u00d6zg\u00fc G\u00fcnde\u015flio\u011flu: WEDGED<\/p>\n<p>12.4.-5.5.2024 Anna Tahkola: the gentle flow of hard matter<\/p>\n<p>10.5.-2.6.2024 Anu Halmesmaa: TOINEN LUONTO- EL\u00c4M\u00c4, KUOLEMA JA KUKKASET<\/p>\n<p>7.6.-30.6.2024 Gabriella Presnal: KEIJU (ISH)<\/p>\n<p>4.7.-28.7.2024 Saija Vihervuori<\/p>\n<p>9.8.-8.9.2024 Teemu Siika<\/p>\n<p>10.-15.9.2024 ANTI &#8211; Contemporary Art Festival<\/p>\n<p>20.9.-13.10.2024 Outi S\u00e4rkikoski<\/p>\n<p>18.10.-10.11.2024 Jussi Nyk\u00e4nen<\/p>\n<p>15.11.-8.12.2024 Sari Hakala ja Kirjakantti<\/p>\n<p>13.12.24-12.1.2025 Antti R\u00f6nk\u00e4<\/p>\n","protected":false},"excerpt":{"rendered":"<p>Galleria Ars Liberan n\u00e4yttelykalenteri \/ Exhibition calendar\u00a0 2026 9.1.-1.2.2026 Hans-Peter Sch\u00fctt 6.2.-1.3.2026 Jonna Salonen 6.-29.3.2026 Riikka Viinikanoja 4.-26.4.2026 Jenni Ypp\u00e4ril\u00e4 2.-24.5.2026 Sirkku Rosi 29.5.-21.6.2026 Sirja Moberg 26.6.-19.7.2026 Jone Mutka 24.7.-16.8.2026 Sanna Nissinen 21.8.-13.9.2026 Veera Konsti 20.9.-25.10.2026 Kuopion Mediataidefestarit 30.10.-22.11.2026 Antti-Ville Reinikainen 27.11.-20.12.2026 Jaana Maijala 2027 8.-31.1.2027 Ilkka Kivel\u00e4 5.-28.2.2027 Hanna Per\u00e4kyl\u00e4 5.-28.3.2027 Vesa Hjort 2.-25.4.2027 &hellip; <a href=\"https:\/\/arslibera.com\/galleria\/nayttelykalenteri\/\" class=\"more-link\">Jatka lukemista<span class=\"screen-reader-text\"> &#8221;N\u00e4yttelykalenteri&#8221;<\/span><\/a><\/p>\n","protected":false},"author":1,"featured_media":0,"parent":0,"menu_order":0,"comment_status":"closed","ping_status":"closed","template":"","meta":[],"_links":{"self":[{"href":"https:\/\/arslibera.com\/galleria\/wp-json\/wp\/v2\/pages\/36"}],"collection":[{"href":"https:\/\/arslibera.com\/galleria\/wp-json\/wp\/v2\/pages"}],"about":[{"href":"https:\/\/arslibera.com\/galleria\/wp-json\/wp\/v2\/types\/page"}],"author":[{"embeddable":true,"href":"https:\/\/arslibera.com\/galleria\/wp-json\/wp\/v2\/users\/1"}],"replies":[{"embeddable":true,"href":"https:\/\/arslibera.com\/galleria\/wp-json\/wp\/v2\/comments?post=36"}],"version-history":[{"count":103,"href":"https:\/\/arslibera.com\/galleria\/wp-json\/wp\/v2\/pages\/36\/revisions"}],"predecessor-version":[{"id":1427,"href":"https:\/\/arslibera.com\/galleria\/wp-json\/wp\/v2\/pages\/36\/revisions\/1427"}],"wp:attachment":[{"href":"https:\/\/arslibera.com\/galleria\/wp-json\/wp\/v2\/media?parent=36"}],"curies":[{"name":"wp","href":"https:\/\/api.w.org\/{rel}","templated":true}]}}