{"id":21,"date":"2018-01-08T13:10:23","date_gmt":"2018-01-08T13:10:23","guid":{"rendered":"http:\/\/arslibera.com\/galleria\/?page_id=21"},"modified":"2018-01-08T13:10:23","modified_gmt":"2018-01-08T13:10:23","slug":"etusivu","status":"publish","type":"page","link":"https:\/\/arslibera.com\/galleria\/","title":{"rendered":"Etusivu"},"content":{"rendered":"<!-- Widget Shortcode --><div id=\"recent-posts-widget-with-thumbnails-2\" class=\"widget recent-posts-widget-with-thumbnails\"><div id=\"rpwwt-recent-posts-widget-with-thumbnails-2\" class=\"rpwwt-widget\">\r\n\t\t<ul>\r\n\t\t\t<li><a href=\"https:\/\/arslibera.com\/galleria\/2026\/03\/29\/jenni-ypparila-hiiltyneet\/\"><img width=\"1024\" height=\"768\" src=\"https:\/\/arslibera.com\/galleria\/wp-content\/uploads\/2026\/03\/Poltto_Ypparila_Jenni-scaled.jpg\" class=\"attachment-1024x1024 size-1024x1024\" alt=\"\" loading=\"lazy\" srcset=\"https:\/\/arslibera.com\/galleria\/wp-content\/uploads\/2026\/03\/Poltto_Ypparila_Jenni-scaled.jpg 2560w, https:\/\/arslibera.com\/galleria\/wp-content\/uploads\/2026\/03\/Poltto_Ypparila_Jenni-300x225.jpg 300w, https:\/\/arslibera.com\/galleria\/wp-content\/uploads\/2026\/03\/Poltto_Ypparila_Jenni-1024x768.jpg 1024w, https:\/\/arslibera.com\/galleria\/wp-content\/uploads\/2026\/03\/Poltto_Ypparila_Jenni-768x576.jpg 768w, https:\/\/arslibera.com\/galleria\/wp-content\/uploads\/2026\/03\/Poltto_Ypparila_Jenni-1536x1152.jpg 1536w, https:\/\/arslibera.com\/galleria\/wp-content\/uploads\/2026\/03\/Poltto_Ypparila_Jenni-2048x1537.jpg 2048w, https:\/\/arslibera.com\/galleria\/wp-content\/uploads\/2026\/03\/Poltto_Ypparila_Jenni-1200x900.jpg 1200w\" sizes=\"(max-width: 709px) 85vw, (max-width: 909px) 67vw, (max-width: 1362px) 62vw, 840px\" \/><span class=\"rpwwt-post-title\">Jenni Ypp\u00e4ril\u00e4 &#8211; Hiiltyneet<\/span><\/a><div class=\"rpwwt-post-excerpt\">Jenni Ypp\u00e4ril\u00e4 \u2013 Hiiltyneet 4.-26.4.2026&nbsp; Tervetuloa n\u00e4yttelyn avajaisiin to 2.4. klo 18-19.30 Taiteilija tavattavissa su 26.4. klo 15-17 Jenni Ypp\u00e4ril\u00e4n n\u00e4yttely tarkastelee katoavaisuutta ja <a href=\"https:\/\/arslibera.com\/galleria\/2026\/03\/29\/jenni-ypparila-hiiltyneet\/\"> [\u2026]<\/a><\/div><\/li>\r\n\t\t<\/ul>\r\n<\/div><!-- .rpwwt-widget -->\r\n<\/div><!-- \/Widget Shortcode -->\n","protected":false},"excerpt":{"rendered":"","protected":false},"author":1,"featured_media":0,"parent":0,"menu_order":0,"comment_status":"closed","ping_status":"closed","template":"","meta":[],"_links":{"self":[{"href":"https:\/\/arslibera.com\/galleria\/wp-json\/wp\/v2\/pages\/21"}],"collection":[{"href":"https:\/\/arslibera.com\/galleria\/wp-json\/wp\/v2\/pages"}],"about":[{"href":"https:\/\/arslibera.com\/galleria\/wp-json\/wp\/v2\/types\/page"}],"author":[{"embeddable":true,"href":"https:\/\/arslibera.com\/galleria\/wp-json\/wp\/v2\/users\/1"}],"replies":[{"embeddable":true,"href":"https:\/\/arslibera.com\/galleria\/wp-json\/wp\/v2\/comments?post=21"}],"version-history":[{"count":2,"href":"https:\/\/arslibera.com\/galleria\/wp-json\/wp\/v2\/pages\/21\/revisions"}],"predecessor-version":[{"id":1292,"href":"https:\/\/arslibera.com\/galleria\/wp-json\/wp\/v2\/pages\/21\/revisions\/1292"}],"wp:attachment":[{"href":"https:\/\/arslibera.com\/galleria\/wp-json\/wp\/v2\/media?parent=21"}],"curies":[{"name":"wp","href":"https:\/\/api.w.org\/{rel}","templated":true}]}}