{"id":2005,"date":"2023-01-04T09:14:33","date_gmt":"2023-01-04T09:14:33","guid":{"rendered":"https:\/\/arslibera.com\/galleria-kuopio\/?page_id=2005"},"modified":"2023-01-05T07:11:26","modified_gmt":"2023-01-05T07:11:26","slug":"saavutettavuusseloste","status":"publish","type":"page","link":"https:\/\/arslibera.com\/galleria-kuopio\/saavutettavuusseloste\/","title":{"rendered":""},"content":{"rendered":"\t\t<div data-elementor-type=\"wp-page\" data-elementor-id=\"2005\" class=\"elementor elementor-2005\">\n\t\t\t\t\t\t\t\t\t<section class=\"elementor-section elementor-top-section elementor-element elementor-element-699c765c elementor-section-boxed elementor-section-height-default elementor-section-height-default\" data-id=\"699c765c\" data-element_type=\"section\">\n\t\t\t\t\t\t<div class=\"elementor-container elementor-column-gap-default\">\n\t\t\t\t\t<div class=\"elementor-column elementor-col-100 elementor-top-column elementor-element elementor-element-7f2f1b0f\" data-id=\"7f2f1b0f\" data-element_type=\"column\">\n\t\t\t<div class=\"elementor-widget-wrap elementor-element-populated\">\n\t\t\t\t\t\t\t\t<div class=\"elementor-element elementor-element-1a7c9dfb elementor-widget elementor-widget-text-editor\" data-id=\"1a7c9dfb\" data-element_type=\"widget\" data-widget_type=\"text-editor.default\">\n\t\t\t\t<div class=\"elementor-widget-container\">\n\t\t\t<style>\/*! elementor - v3.6.8 - 27-07-2022 *\/\n.elementor-widget-text-editor.elementor-drop-cap-view-stacked .elementor-drop-cap{background-color:#818a91;color:#fff}.elementor-widget-text-editor.elementor-drop-cap-view-framed .elementor-drop-cap{color:#818a91;border:3px solid;background-color:transparent}.elementor-widget-text-editor:not(.elementor-drop-cap-view-default) .elementor-drop-cap{margin-top:8px}.elementor-widget-text-editor:not(.elementor-drop-cap-view-default) .elementor-drop-cap-letter{width:1em;height:1em}.elementor-widget-text-editor .elementor-drop-cap{float:left;text-align:center;line-height:1;font-size:50px}.elementor-widget-text-editor .elementor-drop-cap-letter{display:inline-block}<\/style>\t\t\t\t<!-- wp:heading {\"level\":1,\"fontSize\":\"large\"} --><!-- \/wp:heading --><!-- wp:paragraph -->\n<h5>\u00a0<\/h5>\n<h2><strong>Saavutettavuusseloste<\/strong><\/h2>\n<h5>\u00a0<\/h5>\n<h5><strong>Tervetuloa, t\u00e4m\u00e4 on organisaatio Kuopion Kuvataiteilijat ry Ars Liberan saavutettavuusseloste.<\/strong><\/h5>\n<p>T\u00e4m\u00e4 saavutettavuusseloste koskee palvelua GalleriA ja on laadittu \/ p\u00e4ivitetty 04.01.2023. Palvelua koskee laki digitaalisten palvelujen tarjoamisesta, jossa edellytet\u00e4\u00e4n, ett\u00e4 julkisten verkkopalvelujen on oltava saavutettavia.<\/p>\n<p><br \/>Olemme arvioineet palvelun saavutettavuuden itse, yhteisty\u00f6ss\u00e4 Kuopion taidemuseon kanssa.<\/p>\n<!-- \/wp:paragraph --><!-- wp:paragraph -->\n<p>\u00a0<\/p>\n<!-- \/wp:paragraph --><!-- wp:heading -->\n<p><strong>Digipalvelun saavutettavuuden tila<\/strong><br \/>T\u00e4ytt\u00e4\u00e4 kaikki saavutettavuusvaatimukset.<\/p>\n<p>\u00a0<\/p>\n<p><!-- \/wp:heading --><!-- wp:paragraph --><!-- \/wp:paragraph --><!-- wp:heading --><\/p>\n<p><strong>Huomasitko saavutettavuuspuutteen digipalvelussamme? Kerro se meille ja teemme parhaamme puutteen korjaamiseksi.<br \/><\/strong>S\u00e4hk\u00f6postilla galleria.kuopio@gmail.com<\/p>\n<p><!-- \/wp:heading --><!-- wp:heading {\"level\":3} --><!-- \/wp:heading --><!-- wp:paragraph --><!-- \/wp:paragraph --><!-- wp:heading --><\/p>\n<p><strong><br \/>Valvontaviranomainen<\/strong><\/p>\n<!-- \/wp:heading --><!-- wp:paragraph -->\n<p>Jos huomaat sivustolla saavutettavuusongelmia, anna ensin palautetta meille eli sivuston yll\u00e4pit\u00e4j\u00e4lle. Vastauksessa voi menn\u00e4 14 p\u00e4iv\u00e4\u00e4. Jos et ole tyytyv\u00e4inen saamaasi vastaukseen tai et saa vastausta lainkaan kahden viikon aikana,\u00a0<a href=\"https:\/\/www.saavutettavuusvaatimukset.fi\/oikeutesi\/\" target=\"_blank\" rel=\"noreferrer noopener\">voit tehd\u00e4 ilmoituksen Etel\u00e4-Suomen aluehallintovirastoon\u00a0Avautuu uuteen ikkunaan<\/a>. Etel\u00e4-Suomen aluehallintoviraston sivulla kerrotaan tarkasti, miten ilmoituksen voi tehd\u00e4 ja miten asia k\u00e4sitell\u00e4\u00e4n.<\/p>\n<p>\u00a0<\/p>\n<!-- \/wp:paragraph --><!-- wp:heading -->\n<p><strong>Valvontaviranomaisen yhteystiedot<\/strong><\/p>\n<!-- \/wp:heading --><!-- wp:paragraph -->\n<p>Etel\u00e4-Suomen aluehallintovirasto<br \/>Saavutettavuuden valvonnan yksikk\u00f6<br \/>www.saavutettavuusvaatimukset.fi<\/p>\n<p><br \/>saavutettavuus(at)avi.fi<br \/>Puhelinnumero, vaihde, 0295 016 000<\/p>\n<!-- \/wp:paragraph -->\t\t\t\t\t\t<\/div>\n\t\t\t\t<\/div>\n\t\t\t\t\t<\/div>\n\t\t<\/div>\n\t\t\t\t\t\t\t<\/div>\n\t\t<\/section>\n\t\t\t\t\t\t\t<\/div>\n\t\t","protected":false},"excerpt":{"rendered":"<p>\u00a0 Saavutettavuusseloste \u00a0 Tervetuloa, t\u00e4m\u00e4 on organisaatio Kuopion Kuvataiteilijat ry Ars Liberan saavutettavuusseloste. T\u00e4m\u00e4 saavutettavuusseloste koskee palvelua GalleriA ja on laadittu \/ p\u00e4ivitetty 04.01.2023. Palvelua koskee laki digitaalisten palvelujen tarjoamisesta, jossa edellytet\u00e4\u00e4n, ett\u00e4 julkisten verkkopalvelujen on oltava saavutettavia. Olemme arvioineet palvelun saavutettavuuden itse, yhteisty\u00f6ss\u00e4 Kuopion taidemuseon kanssa. \u00a0 Digipalvelun saavutettavuuden tilaT\u00e4ytt\u00e4\u00e4 kaikki saavutettavuusvaatimukset. \u00a0 Huomasitko &hellip;<\/p>\n<p class=\"read-more\"> <a class=\"\" href=\"https:\/\/arslibera.com\/galleria-kuopio\/saavutettavuusseloste\/\">  Lue lis\u00e4\u00e4 &raquo;<\/a><\/p>\n","protected":false},"author":1,"featured_media":0,"parent":0,"menu_order":0,"comment_status":"closed","ping_status":"closed","template":"","meta":{"site-sidebar-layout":"default","site-content-layout":"default","ast-global-header-display":"","ast-main-header-display":"","ast-hfb-above-header-display":"","ast-hfb-below-header-display":"","ast-hfb-mobile-header-display":"","site-post-title":"","ast-breadcrumbs-content":"","ast-featured-img":"","footer-sml-layout":"","theme-transparent-header-meta":"","adv-header-id-meta":"","stick-header-meta":"","header-above-stick-meta":"","header-main-stick-meta":"","header-below-stick-meta":""},"_links":{"self":[{"href":"https:\/\/arslibera.com\/galleria-kuopio\/wp-json\/wp\/v2\/pages\/2005"}],"collection":[{"href":"https:\/\/arslibera.com\/galleria-kuopio\/wp-json\/wp\/v2\/pages"}],"about":[{"href":"https:\/\/arslibera.com\/galleria-kuopio\/wp-json\/wp\/v2\/types\/page"}],"author":[{"embeddable":true,"href":"https:\/\/arslibera.com\/galleria-kuopio\/wp-json\/wp\/v2\/users\/1"}],"replies":[{"embeddable":true,"href":"https:\/\/arslibera.com\/galleria-kuopio\/wp-json\/wp\/v2\/comments?post=2005"}],"version-history":[{"count":14,"href":"https:\/\/arslibera.com\/galleria-kuopio\/wp-json\/wp\/v2\/pages\/2005\/revisions"}],"predecessor-version":[{"id":2083,"href":"https:\/\/arslibera.com\/galleria-kuopio\/wp-json\/wp\/v2\/pages\/2005\/revisions\/2083"}],"wp:attachment":[{"href":"https:\/\/arslibera.com\/galleria-kuopio\/wp-json\/wp\/v2\/media?parent=2005"}],"curies":[{"name":"wp","href":"https:\/\/api.w.org\/{rel}","templated":true}]}}