{"id":1575,"date":"2022-08-18T11:02:49","date_gmt":"2022-08-18T11:02:49","guid":{"rendered":"https:\/\/arslibera.com\/galleria-kuopio\/?page_id=1575"},"modified":"2026-05-12T07:58:55","modified_gmt":"2026-05-12T07:58:55","slug":"nayttelykalenteri","status":"publish","type":"page","link":"https:\/\/arslibera.com\/galleria-kuopio\/nayttelykalenteri\/","title":{"rendered":"N\u00e4yttelykalenteri"},"content":{"rendered":"\t\t<div data-elementor-type=\"wp-page\" data-elementor-id=\"1575\" class=\"elementor elementor-1575\">\n\t\t\t\t\t\t\t\t\t<section class=\"elementor-section elementor-top-section elementor-element elementor-element-e9fbc50 elementor-section-height-min-height elementor-section-boxed elementor-section-height-default elementor-section-items-middle\" data-id=\"e9fbc50\" data-element_type=\"section\" data-settings=\"{&quot;background_background&quot;:&quot;classic&quot;}\">\n\t\t\t\t\t\t\t<div class=\"elementor-background-overlay\"><\/div>\n\t\t\t\t\t\t\t<div class=\"elementor-container elementor-column-gap-default\">\n\t\t\t\t\t<div class=\"elementor-column elementor-col-100 elementor-top-column elementor-element elementor-element-7d9bd63\" data-id=\"7d9bd63\" data-element_type=\"column\">\n\t\t\t<div class=\"elementor-widget-wrap\">\n\t\t\t\t\t\t\t\t\t<\/div>\n\t\t<\/div>\n\t\t\t\t\t\t\t<\/div>\n\t\t<\/section>\n\t\t\t\t<section class=\"elementor-section elementor-top-section elementor-element elementor-element-5c8740f elementor-section-boxed elementor-section-height-default elementor-section-height-default\" data-id=\"5c8740f\" data-element_type=\"section\">\n\t\t\t\t\t\t<div class=\"elementor-container elementor-column-gap-default\">\n\t\t\t\t\t<div class=\"elementor-column elementor-col-100 elementor-top-column elementor-element elementor-element-1ad6b92\" data-id=\"1ad6b92\" data-element_type=\"column\">\n\t\t\t<div class=\"elementor-widget-wrap elementor-element-populated\">\n\t\t\t\t\t\t\t\t<div class=\"elementor-element elementor-element-301a009 elementor-widget elementor-widget-text-editor\" data-id=\"301a009\" data-element_type=\"widget\" data-widget_type=\"text-editor.default\">\n\t\t\t\t<div class=\"elementor-widget-container\">\n\t\t\t<style>\/*! elementor - v3.6.8 - 27-07-2022 *\/\n.elementor-widget-text-editor.elementor-drop-cap-view-stacked .elementor-drop-cap{background-color:#818a91;color:#fff}.elementor-widget-text-editor.elementor-drop-cap-view-framed .elementor-drop-cap{color:#818a91;border:3px solid;background-color:transparent}.elementor-widget-text-editor:not(.elementor-drop-cap-view-default) .elementor-drop-cap{margin-top:8px}.elementor-widget-text-editor:not(.elementor-drop-cap-view-default) .elementor-drop-cap-letter{width:1em;height:1em}.elementor-widget-text-editor .elementor-drop-cap{float:left;text-align:center;line-height:1;font-size:50px}.elementor-widget-text-editor .elementor-drop-cap-letter{display:inline-block}<\/style>\t\t\t\t<h3>&nbsp;<\/h3>\n<h2>N\u00e4yttelyt<\/h2>\n<h3>&nbsp;<\/h3>\n<h5><strong>2026-2027<\/strong><\/h5>\n<div>\n<p dir=\"ltr\">9.1.-8.3. Timo Kokko &#8211; Vihre\u00e4 Anomia&nbsp;<\/p>\n<p dir=\"ltr\">13.3.-10.5. Sanna Kananoja&nbsp;<\/p>\n<p dir=\"ltr\"><b>13.5.-12.7. Saara Reinikainen: Vessanp\u00f6nt\u00f6lt\u00e4 Huuhanm\u00e4en t\u00e4htitornille&nbsp;<\/b><a href=\"https:\/\/www.saarareinikainen.com\/\" target=\"_blank\" style=\"font-size: 1rem;\">saarareinikainen.com<\/a><\/p>\n<p dir=\"ltr\">17.7.-13.9.2. Jouko Lempinen<\/p>\n<p dir=\"ltr\">19.9.-25.10. Kuopion mediataidefestarit 2026<br>30.10.-5.12. Hanna Ryyn\u00e4nen<br>10.12.2026-3.1.2027 Hulinat<\/p>\n<p dir=\"ltr\">8.1.-28.2.2027 Antton Halonen ja Soile Voima<br>5.3.-25.4.2027 Maiju Ruuskanen<br>30.4.-13.6.2027 Arto Nurro<br>18.6.-8.8.2027 Tuuli Autio<\/p>\n<p dir=\"ltr\"><strong>2025<\/strong><\/p>\n<p dir=\"ltr\">7.2.-6.4. Veera Rajamo, Vaimo &#8211; Ihan tavallinen suuri rakkaustarina \/ Wife &#8211; an ordinary great love story<\/p>\n<p dir=\"ltr\">11.4.-8.6. Mari Halonen, Parasta vapaus, pelottavinta pimeys<\/p>\n<p dir=\"ltr\">13.6.-10.8. Ulla-Mari Lindstr\u00f6m, Siipisuomuisia ja h\u00f6yhenh\u00e4nt\u00e4isi\u00e4 \u2013 el\u00e4m\u00e4n alkul\u00e4hteill\u00e4 <a href=\"https:\/\/www.ullamari.com\/\">Ulla-Mari Lindstr\u00f6m &#8211; Visual Artists <\/a><a href=\"https:\/\/www.ullamari.com\/\">|<\/a><\/p>\n<p dir=\"ltr\">15.8.-12.10. Iida Valkonen ja Milla Toukkari <a href=\"https:\/\/kuvataiteilijamatrikkeli.fi\/taiteilija\/valkonen-iida\">https:\/\/kuvataiteilijamatrikkeli.fi\/taiteilija\/valkonen-iida<\/a> &amp;&nbsp;<a href=\"https:\/\/kuvataiteilijamatrikkeli.fi\/taiteilija\/toukkari-milla\">https:\/\/kuvataiteilijamatrikkeli.fi\/taiteilija\/toukkari-milla<\/a><\/p>\n<p dir=\"ltr\">17.10.-14.12. Timo Tolonen <em><a href=\"https:\/\/kuvataiteilijamatrikkeli.fi\/taiteilija\/tolonen-timo\">https:\/\/kuvataiteilijamatrikkeli.fi\/taiteilija\/tolonen-timo<\/a>&nbsp;<\/em><\/p>\n<p dir=\"ltr\">17.12.2025-4.1.2026 HULINAT -taidekauppa GalleriA:ssa<\/p>\n<p dir=\"ltr\"><strong style=\"font-size: 16px;\">2024<\/strong><\/p>\n<div>\n<p>9.2.-7.4. Unski Immonen, Helvettiin rakennettu paratiisi &#8211; <em>Eros<\/em> luo ja <em>Thanatos<\/em> tuhoaa \/&nbsp;<a href=\"https:\/\/kuvataiteilijamatrikkeli.fi\/taiteilija\/immonen-unski\">https:\/\/kuvataiteilijamatrikkeli.fi\/taiteilija\/immonen-unski<\/a><\/p>\n<p>12.4.-21.4. Eerika Jalasaho + ty\u00f6ryhm\u00e4, Koiran\u00e4yttelyn\u00e4yttely<\/p>\n<p>26.4.-20.6. Anna Sepp\u00e4l\u00e4, Piirretyt hetket \/ <a href=\"https:\/\/kuvataiteilijamatrikkeli.fi\/taiteilija\/anna-seppala\">https:\/\/kuvataiteilijamatrikkeli.fi\/taiteilija\/anna-seppala<\/a><\/p>\n<\/div>\n<div>\n<p dir=\"ltr\">28.6.-25.8. Sami Korkiakoski, Lipstick sky \/ <a href=\"https:\/\/samiofficial.net\">https:\/\/samiofficial.net<\/a><\/p>\n<p dir=\"ltr\">11.10.-1.12. Johanna P\u00f6ykk\u00f6 \/ <a href=\"https:\/\/kuvataiteilijamatrikkeli.fi\/taiteilija\/poykko-johanna\">https:\/\/kuvataiteilijamatrikkeli.fi\/taiteilija\/poykko-johanna<\/a><\/p>\n<p dir=\"ltr\">5.12.2024-2.2.2025 Markku-Jussi Komulainen<\/p>\n<\/div>\n<\/div>\n<div>&nbsp;<\/div>\n<div><strong>2023<\/strong><\/div>\n<div>\n<p>7.1.-5.3. Johanna V\u00e4is\u00e4nen, Urkujoki \/ Organ River \/ <a href=\"http:\/\/www.johannavaisanen.com\/\">www.johannavaisanen.com<\/a><br>10.3.-9.4.&nbsp; Deniz Sat\u0131r, Incomplete \/ <a href=\"https:\/\/denizsatir.com\/\">www.denizsatir.com<\/a><\/p>\n<p>14.4.-11.6. Teemu Kangas, Hyperborea \/ <a href=\"https:\/\/kuvataiteilijamatrikkeli.fi\/taiteilija\/kangas-teemu\">Lis\u00e4tietoa taiteilijasta<\/a><\/p>\n<p>16.6.-13.8.2023 Minna Markkanen, Skin \/&nbsp;&nbsp;<a href=\"https:\/\/minnamarkkanen.com\/\">https:\/\/minnamarkkanen.com\/<\/a><\/p>\n<p>18.8.-3.9.2023 Helena Aleksandrova, Attraction Park \/ <a href=\"https:\/\/www.helena-aleksandrova.com\/\">HOME | helen (helena-aleksandrova.com)<\/a><\/p>\n<p>8.9.-5.11.2023 Hannu Lukin, Julkinen el\u00e4in \/ <a href=\"http:\/\/www.hannulukin.com\">www.hannulukin.com<\/a><\/p>\n<p>10.11.2023-4.2.2024 Heidi Kirjavainen, Yritys kesytt\u00e4\u00e4 villi \/ <a href=\"http:\/\/www.heidikirjavainen.com\">www.heidikirjavainen.com<\/a><\/p>\n<\/div>\n<div>\n<p><strong>2022<\/strong><\/p>\n<p>3.6.-3.7. Emma F\u00e4lt ja Roberto Fusco, The chance that makes it the what we are<br>8.7.-4.9. Pauno Pohjolainen<br>9.9.-6.11. Johanna Naukkarinen, The Anatomical Venus (with Tiia Kasurinen)<br>11.11.-31.12. Sanna Haimila, The Heroine<\/p>\n<\/div>\n<div>&nbsp;<\/div>\n<div><strong>GalleriA KUMMAn verkkosivuilla, lis\u00e4tietoa menneist\u00e4 n\u00e4yttelyist\u00e4:<\/strong><\/div>\n<div><span style=\"color: #000000;\"><em><a style=\"color: #000000;\" href=\"https:\/\/kuopiontaidemuseo.fi\/galleria\/\" target=\"_blank\" rel=\"noopener\">https:\/\/kuopiontaidemuseo.fi\/galleria\/<\/a><\/em><\/span><\/div>\n<div>&nbsp;<\/div>\n<div>&nbsp;<\/div>\n<div>Kuva: Jaana J\u00e4\u00e4skel\u00e4inen, KUMMA<\/div>\t\t\t\t\t\t<\/div>\n\t\t\t\t<\/div>\n\t\t\t\t\t<\/div>\n\t\t<\/div>\n\t\t\t\t\t\t\t<\/div>\n\t\t<\/section>\n\t\t\t\t\t\t\t<\/div>\n\t\t","protected":false},"excerpt":{"rendered":"<p>&nbsp; N\u00e4yttelyt &nbsp; 2026-2027 9.1.-8.3. Timo Kokko &#8211; Vihre\u00e4 Anomia&nbsp; 13.3.-10.5. Sanna Kananoja&nbsp; 13.5.-12.7. Saara Reinikainen: Vessanp\u00f6nt\u00f6lt\u00e4 Huuhanm\u00e4en t\u00e4htitornille&nbsp;saarareinikainen.com 17.7.-13.9.2. Jouko Lempinen 19.9.-25.10. Kuopion mediataidefestarit 202630.10.-5.12. Hanna Ryyn\u00e4nen10.12.2026-3.1.2027 Hulinat 8.1.-28.2.2027 Antton Halonen ja Soile Voima5.3.-25.4.2027 Maiju Ruuskanen30.4.-13.6.2027 Arto Nurro18.6.-8.8.2027 Tuuli Autio 2025 7.2.-6.4. Veera Rajamo, Vaimo &#8211; Ihan tavallinen suuri rakkaustarina \/ Wife &#8211; an &hellip;<\/p>\n<p class=\"read-more\"> <a class=\"\" href=\"https:\/\/arslibera.com\/galleria-kuopio\/nayttelykalenteri\/\"> <span class=\"screen-reader-text\">N\u00e4yttelykalenteri<\/span> Lue lis\u00e4\u00e4 &raquo;<\/a><\/p>\n","protected":false},"author":1,"featured_media":0,"parent":0,"menu_order":0,"comment_status":"closed","ping_status":"closed","template":"","meta":{"site-sidebar-layout":"no-sidebar","site-content-layout":"page-builder","ast-global-header-display":"","ast-main-header-display":"","ast-hfb-above-header-display":"","ast-hfb-below-header-display":"","ast-hfb-mobile-header-display":"","site-post-title":"disabled","ast-breadcrumbs-content":"","ast-featured-img":"disabled","footer-sml-layout":"","theme-transparent-header-meta":"","adv-header-id-meta":"","stick-header-meta":"","header-above-stick-meta":"","header-main-stick-meta":"","header-below-stick-meta":""},"_links":{"self":[{"href":"https:\/\/arslibera.com\/galleria-kuopio\/wp-json\/wp\/v2\/pages\/1575"}],"collection":[{"href":"https:\/\/arslibera.com\/galleria-kuopio\/wp-json\/wp\/v2\/pages"}],"about":[{"href":"https:\/\/arslibera.com\/galleria-kuopio\/wp-json\/wp\/v2\/types\/page"}],"author":[{"embeddable":true,"href":"https:\/\/arslibera.com\/galleria-kuopio\/wp-json\/wp\/v2\/users\/1"}],"replies":[{"embeddable":true,"href":"https:\/\/arslibera.com\/galleria-kuopio\/wp-json\/wp\/v2\/comments?post=1575"}],"version-history":[{"count":208,"href":"https:\/\/arslibera.com\/galleria-kuopio\/wp-json\/wp\/v2\/pages\/1575\/revisions"}],"predecessor-version":[{"id":2612,"href":"https:\/\/arslibera.com\/galleria-kuopio\/wp-json\/wp\/v2\/pages\/1575\/revisions\/2612"}],"wp:attachment":[{"href":"https:\/\/arslibera.com\/galleria-kuopio\/wp-json\/wp\/v2\/media?parent=1575"}],"curies":[{"name":"wp","href":"https:\/\/api.w.org\/{rel}","templated":true}]}}