{"id":1515,"date":"2022-08-18T10:21:10","date_gmt":"2022-08-18T10:21:10","guid":{"rendered":"https:\/\/arslibera.com\/galleria-kuopio\/?page_id=1515"},"modified":"2023-10-31T07:39:45","modified_gmt":"2023-10-31T07:39:45","slug":"taiteilijoille","status":"publish","type":"page","link":"https:\/\/arslibera.com\/galleria-kuopio\/taiteilijoille\/","title":{"rendered":"Taiteilijoille"},"content":{"rendered":"\t\t<div data-elementor-type=\"wp-page\" data-elementor-id=\"1515\" class=\"elementor elementor-1515\">\n\t\t\t\t\t\t\t\t\t<section class=\"elementor-section elementor-top-section elementor-element elementor-element-442ff6e elementor-section-height-min-height elementor-section-boxed elementor-section-height-default elementor-section-items-middle\" data-id=\"442ff6e\" data-element_type=\"section\" data-settings=\"{&quot;background_background&quot;:&quot;classic&quot;}\">\n\t\t\t\t\t\t\t<div class=\"elementor-background-overlay\"><\/div>\n\t\t\t\t\t\t\t<div class=\"elementor-container elementor-column-gap-default\">\n\t\t\t\t\t<div class=\"elementor-column elementor-col-100 elementor-top-column elementor-element elementor-element-5e8f1a4\" data-id=\"5e8f1a4\" data-element_type=\"column\">\n\t\t\t<div class=\"elementor-widget-wrap elementor-element-populated\">\n\t\t\t\t\t\t\t\t<div class=\"elementor-element elementor-element-e5b64aa elementor-widget elementor-widget-text-editor\" data-id=\"e5b64aa\" data-element_type=\"widget\" data-widget_type=\"text-editor.default\">\n\t\t\t\t<div class=\"elementor-widget-container\">\n\t\t\t<style>\/*! elementor - v3.6.8 - 27-07-2022 *\/\n.elementor-widget-text-editor.elementor-drop-cap-view-stacked .elementor-drop-cap{background-color:#818a91;color:#fff}.elementor-widget-text-editor.elementor-drop-cap-view-framed .elementor-drop-cap{color:#818a91;border:3px solid;background-color:transparent}.elementor-widget-text-editor:not(.elementor-drop-cap-view-default) .elementor-drop-cap{margin-top:8px}.elementor-widget-text-editor:not(.elementor-drop-cap-view-default) .elementor-drop-cap-letter{width:1em;height:1em}.elementor-widget-text-editor .elementor-drop-cap{float:left;text-align:center;line-height:1;font-size:50px}.elementor-widget-text-editor .elementor-drop-cap-letter{display:inline-block}<\/style>\t\t\t\t<p>\u00a0<\/p><p>\u00a0<\/p><p>\u00a0<\/p>\t\t\t\t\t\t<\/div>\n\t\t\t\t<\/div>\n\t\t\t\t\t<\/div>\n\t\t<\/div>\n\t\t\t\t\t\t\t<\/div>\n\t\t<\/section>\n\t\t\t\t<section class=\"elementor-section elementor-top-section elementor-element elementor-element-f119d94 elementor-section-boxed elementor-section-height-default elementor-section-height-default\" data-id=\"f119d94\" data-element_type=\"section\">\n\t\t\t\t\t\t<div class=\"elementor-container elementor-column-gap-default\">\n\t\t\t\t\t<div class=\"elementor-column elementor-col-100 elementor-top-column elementor-element elementor-element-fda3bdf\" data-id=\"fda3bdf\" data-element_type=\"column\">\n\t\t\t<div class=\"elementor-widget-wrap elementor-element-populated\">\n\t\t\t\t\t\t\t\t<div class=\"elementor-element elementor-element-6ca1352 elementor-widget elementor-widget-text-editor\" data-id=\"6ca1352\" data-element_type=\"widget\" data-widget_type=\"text-editor.default\">\n\t\t\t\t<div class=\"elementor-widget-container\">\n\t\t\t\t\t\t\t<h2>\u00a0<\/h2><h2>GalleriA &#8211; info taiteilijalle<\/h2><p>Kuopion Kuvataiteilijat ry Ars Liberan ja Kuopion taidemuseon yhteisty\u00f6galleria sijaitsee Kuopion taidemuseon tiloissa osoitteessa Kauppakatu 35.\u00a0<\/p><p>\u00a0<\/p><p>GalleriA esittelee uutta pohjoissavolaista tai pohjoissavoon linkittyv\u00e4\u00e4 kuvataidetta ammattitaiteilijoilta. N\u00e4yttelyaika on p\u00e4\u00e4s\u00e4\u00e4nt\u00f6isesti kaksi kuukautta. Gallerian toiminnasta vastaa Kuopion Kuvataiteilijat ry Ars Libera.<\/p><p>\u00a0<\/p><p>GalleriA koostuu p\u00e4\u00e4tilasta (23,5 m2) ja holvista (7 m2). Tilan pohjapiirroskuva, virtuaalikierros ja valokuvia l\u00f6ytyy alta.<\/p><p>GalleriA on n\u00e4yttelyvuokraton. N\u00e4yttelyst\u00e4 myyt\u00e4vien teosten v\u00e4litys tapahtuu Kuopion taidemuseon kautta. Myyntiprovisio on 10% (sis. alv. 24%) teosten arvonlis\u00e4verollisesta myyntihinnasta.<\/p><p>\u00a0<\/p><p>\/\/<\/p><p>\u00a0<\/p><p>Gallery presents new professional North Savonian contemporary art and contemporary art that is some how linked in North Savonia. Exhibition time is primarily two months.<\/p><p>\u00a0<\/p><p>The new gallery is suitable for artwork that is to be hung on the wall or set on a pedestal and for new media art. Gallery includes two spaces, the main room (23,5 m2) and the vault (7 m2). In the vault attaching artwork straight to the wall is not possible.<\/p><p>\u00a0<\/p><p>Ars Libera and Kuopio Art Museum do not charge rent for the exhibitions they host. Transactions of the artwork are done via the Art Museum. Selling commission is 10%.<\/p><p>\u00a0<\/p><p>\u00a0<\/p><p>GalleriA Kuopion taidemuseon verkkosivuilla: <span style=\"color: #000000;\"><a style=\"color: #000000;\" href=\"https:\/\/kuopiontaidemuseo.fi\/galleria\/\">https:\/\/kuopiontaidemuseo.fi\/galleria\/<\/a><\/span><\/p><p>\u00a0<\/p><p><strong><a href=\"https:\/\/kuula.co\/share\/NrChb\/collection\/7F9RW?logo=0&amp;info=0&amp;fs=1&amp;vr=1&amp;sd=1&amp;initload=0&amp;autorotate=0.22&amp;thumbs=1\">Tilan virtuaalikierros \/ Virtual round<\/a><\/strong><\/p><p>\u00a0<\/p><p><em>Ulkokuva ja galleriakuvat: Jaana J\u00e4\u00e4skel\u00e4inen, Kuopion taidemuseo.<\/em><\/p>\t\t\t\t\t\t<\/div>\n\t\t\t\t<\/div>\n\t\t\t\t\t<\/div>\n\t\t<\/div>\n\t\t\t\t\t\t\t<\/div>\n\t\t<\/section>\n\t\t\t\t<section class=\"elementor-section elementor-top-section elementor-element elementor-element-febc886 elementor-section-boxed elementor-section-height-default elementor-section-height-default\" data-id=\"febc886\" data-element_type=\"section\">\n\t\t\t\t\t\t<div class=\"elementor-container elementor-column-gap-default\">\n\t\t\t\t\t<div class=\"elementor-column elementor-col-100 elementor-top-column elementor-element elementor-element-ca411c4\" data-id=\"ca411c4\" data-element_type=\"column\">\n\t\t\t<div class=\"elementor-widget-wrap elementor-element-populated\">\n\t\t\t\t\t\t\t\t<div class=\"elementor-element elementor-element-0018d16 elementor-widget elementor-widget-image\" data-id=\"0018d16\" data-element_type=\"widget\" data-widget_type=\"image.default\">\n\t\t\t\t<div class=\"elementor-widget-container\">\n\t\t\t<style>\/*! elementor - v3.6.8 - 27-07-2022 *\/\n.elementor-widget-image{text-align:center}.elementor-widget-image a{display:inline-block}.elementor-widget-image a img[src$=\".svg\"]{width:48px}.elementor-widget-image img{vertical-align:middle;display:inline-block}<\/style>\t\t\t\t\t\t\t\t\t<figure class=\"wp-caption\">\n\t\t\t\t\t\t\t\t\t\t<img width=\"768\" height=\"996\" src=\"https:\/\/arslibera.com\/galleria-kuopio\/wp-content\/uploads\/2022\/08\/Nayttokuva-2022-08-18-kello-13.09.32-768x996.jpg\" class=\"attachment-medium_large size-medium_large\" alt=\"\" loading=\"lazy\" srcset=\"https:\/\/arslibera.com\/galleria-kuopio\/wp-content\/uploads\/2022\/08\/Nayttokuva-2022-08-18-kello-13.09.32-768x996.jpg 768w, https:\/\/arslibera.com\/galleria-kuopio\/wp-content\/uploads\/2022\/08\/Nayttokuva-2022-08-18-kello-13.09.32-231x300.jpg 231w, https:\/\/arslibera.com\/galleria-kuopio\/wp-content\/uploads\/2022\/08\/Nayttokuva-2022-08-18-kello-13.09.32-790x1024.jpg 790w, https:\/\/arslibera.com\/galleria-kuopio\/wp-content\/uploads\/2022\/08\/Nayttokuva-2022-08-18-kello-13.09.32-1185x1536.jpg 1185w, https:\/\/arslibera.com\/galleria-kuopio\/wp-content\/uploads\/2022\/08\/Nayttokuva-2022-08-18-kello-13.09.32.jpg 1224w\" sizes=\"(max-width: 768px) 100vw, 768px\" \/>\t\t\t\t\t\t\t\t\t\t\t<figcaption class=\"widget-image-caption wp-caption-text\">GalleriA:n pohjapiirros<\/figcaption>\n\t\t\t\t\t\t\t\t\t\t<\/figure>\n\t\t\t\t\t\t\t\t\t<\/div>\n\t\t\t\t<\/div>\n\t\t\t\t\t<\/div>\n\t\t<\/div>\n\t\t\t\t\t\t\t<\/div>\n\t\t<\/section>\n\t\t\t\t<section class=\"elementor-section elementor-top-section elementor-element elementor-element-68e25c0 elementor-section-boxed elementor-section-height-default elementor-section-height-default\" data-id=\"68e25c0\" data-element_type=\"section\">\n\t\t\t\t\t\t<div class=\"elementor-container elementor-column-gap-default\">\n\t\t\t\t\t<div class=\"elementor-column elementor-col-50 elementor-top-column elementor-element elementor-element-f000af3\" data-id=\"f000af3\" data-element_type=\"column\">\n\t\t\t<div class=\"elementor-widget-wrap elementor-element-populated\">\n\t\t\t\t\t\t\t\t<div class=\"elementor-element elementor-element-4eea963 elementor-widget elementor-widget-image\" data-id=\"4eea963\" data-element_type=\"widget\" data-widget_type=\"image.default\">\n\t\t\t\t<div class=\"elementor-widget-container\">\n\t\t\t\t\t\t\t\t\t\t\t\t\t\t\t<img width=\"1024\" height=\"683\" src=\"https:\/\/arslibera.com\/galleria-kuopio\/wp-content\/uploads\/2022\/12\/galleria2-1-1024x683.jpg\" class=\"attachment-large size-large\" alt=\"\" loading=\"lazy\" srcset=\"https:\/\/arslibera.com\/galleria-kuopio\/wp-content\/uploads\/2022\/12\/galleria2-1-1024x683.jpg 1024w, https:\/\/arslibera.com\/galleria-kuopio\/wp-content\/uploads\/2022\/12\/galleria2-1-300x200.jpg 300w, https:\/\/arslibera.com\/galleria-kuopio\/wp-content\/uploads\/2022\/12\/galleria2-1-768x512.jpg 768w, https:\/\/arslibera.com\/galleria-kuopio\/wp-content\/uploads\/2022\/12\/galleria2-1-1536x1024.jpg 1536w, https:\/\/arslibera.com\/galleria-kuopio\/wp-content\/uploads\/2022\/12\/galleria2-1.jpg 1920w\" sizes=\"(max-width: 1024px) 100vw, 1024px\" \/>\t\t\t\t\t\t\t\t\t\t\t\t\t\t\t<\/div>\n\t\t\t\t<\/div>\n\t\t\t\t<div class=\"elementor-element elementor-element-527521c elementor-widget elementor-widget-image\" data-id=\"527521c\" data-element_type=\"widget\" data-widget_type=\"image.default\">\n\t\t\t\t<div class=\"elementor-widget-container\">\n\t\t\t\t\t\t\t\t\t\t\t\t\t\t\t<img width=\"1024\" height=\"683\" src=\"https:\/\/arslibera.com\/galleria-kuopio\/wp-content\/uploads\/2022\/12\/holvi1-1024x683.jpg\" class=\"attachment-large size-large\" alt=\"\" loading=\"lazy\" srcset=\"https:\/\/arslibera.com\/galleria-kuopio\/wp-content\/uploads\/2022\/12\/holvi1-1024x683.jpg 1024w, https:\/\/arslibera.com\/galleria-kuopio\/wp-content\/uploads\/2022\/12\/holvi1-300x200.jpg 300w, https:\/\/arslibera.com\/galleria-kuopio\/wp-content\/uploads\/2022\/12\/holvi1-768x512.jpg 768w, https:\/\/arslibera.com\/galleria-kuopio\/wp-content\/uploads\/2022\/12\/holvi1-1536x1024.jpg 1536w, https:\/\/arslibera.com\/galleria-kuopio\/wp-content\/uploads\/2022\/12\/holvi1.jpg 1920w\" sizes=\"(max-width: 1024px) 100vw, 1024px\" \/>\t\t\t\t\t\t\t\t\t\t\t\t\t\t\t<\/div>\n\t\t\t\t<\/div>\n\t\t\t\t\t<\/div>\n\t\t<\/div>\n\t\t\t\t<div class=\"elementor-column elementor-col-50 elementor-top-column elementor-element elementor-element-ff76aa1\" data-id=\"ff76aa1\" data-element_type=\"column\">\n\t\t\t<div class=\"elementor-widget-wrap elementor-element-populated\">\n\t\t\t\t\t\t\t\t<div class=\"elementor-element elementor-element-ceb909a elementor-widget elementor-widget-image\" data-id=\"ceb909a\" data-element_type=\"widget\" data-widget_type=\"image.default\">\n\t\t\t\t<div class=\"elementor-widget-container\">\n\t\t\t\t\t\t\t\t\t\t\t\t\t\t\t<img width=\"1024\" height=\"683\" src=\"https:\/\/arslibera.com\/galleria-kuopio\/wp-content\/uploads\/2022\/12\/galleria1-1024x683.jpg\" class=\"attachment-large size-large\" alt=\"\" loading=\"lazy\" srcset=\"https:\/\/arslibera.com\/galleria-kuopio\/wp-content\/uploads\/2022\/12\/galleria1-1024x683.jpg 1024w, https:\/\/arslibera.com\/galleria-kuopio\/wp-content\/uploads\/2022\/12\/galleria1-300x200.jpg 300w, https:\/\/arslibera.com\/galleria-kuopio\/wp-content\/uploads\/2022\/12\/galleria1-768x512.jpg 768w, https:\/\/arslibera.com\/galleria-kuopio\/wp-content\/uploads\/2022\/12\/galleria1-1536x1025.jpg 1536w, https:\/\/arslibera.com\/galleria-kuopio\/wp-content\/uploads\/2022\/12\/galleria1.jpg 1920w\" sizes=\"(max-width: 1024px) 100vw, 1024px\" \/>\t\t\t\t\t\t\t\t\t\t\t\t\t\t\t<\/div>\n\t\t\t\t<\/div>\n\t\t\t\t<div class=\"elementor-element elementor-element-360bfbc elementor-widget elementor-widget-image\" data-id=\"360bfbc\" data-element_type=\"widget\" data-widget_type=\"image.default\">\n\t\t\t\t<div class=\"elementor-widget-container\">\n\t\t\t\t\t\t\t\t\t\t\t\t\t\t\t<img width=\"1024\" height=\"683\" src=\"https:\/\/arslibera.com\/galleria-kuopio\/wp-content\/uploads\/2022\/12\/holvi2-1024x683.jpg\" class=\"attachment-large size-large\" alt=\"\" loading=\"lazy\" srcset=\"https:\/\/arslibera.com\/galleria-kuopio\/wp-content\/uploads\/2022\/12\/holvi2-1024x683.jpg 1024w, https:\/\/arslibera.com\/galleria-kuopio\/wp-content\/uploads\/2022\/12\/holvi2-300x200.jpg 300w, https:\/\/arslibera.com\/galleria-kuopio\/wp-content\/uploads\/2022\/12\/holvi2-768x512.jpg 768w, https:\/\/arslibera.com\/galleria-kuopio\/wp-content\/uploads\/2022\/12\/holvi2-1536x1024.jpg 1536w, https:\/\/arslibera.com\/galleria-kuopio\/wp-content\/uploads\/2022\/12\/holvi2.jpg 1920w\" sizes=\"(max-width: 1024px) 100vw, 1024px\" \/>\t\t\t\t\t\t\t\t\t\t\t\t\t\t\t<\/div>\n\t\t\t\t<\/div>\n\t\t\t\t\t<\/div>\n\t\t<\/div>\n\t\t\t\t\t\t\t<\/div>\n\t\t<\/section>\n\t\t\t\t\t\t\t<\/div>\n\t\t","protected":false},"excerpt":{"rendered":"<p>\u00a0 \u00a0 \u00a0 \u00a0 GalleriA &#8211; info taiteilijalle Kuopion Kuvataiteilijat ry Ars Liberan ja Kuopion taidemuseon yhteisty\u00f6galleria sijaitsee Kuopion taidemuseon tiloissa osoitteessa Kauppakatu 35.\u00a0 \u00a0 GalleriA esittelee uutta pohjoissavolaista tai pohjoissavoon linkittyv\u00e4\u00e4 kuvataidetta ammattitaiteilijoilta. N\u00e4yttelyaika on p\u00e4\u00e4s\u00e4\u00e4nt\u00f6isesti kaksi kuukautta. Gallerian toiminnasta vastaa Kuopion Kuvataiteilijat ry Ars Libera. \u00a0 GalleriA koostuu p\u00e4\u00e4tilasta (23,5 m2) ja holvista &hellip;<\/p>\n<p class=\"read-more\"> <a class=\"\" href=\"https:\/\/arslibera.com\/galleria-kuopio\/taiteilijoille\/\"> <span class=\"screen-reader-text\">Taiteilijoille<\/span> Lue lis\u00e4\u00e4 &raquo;<\/a><\/p>\n","protected":false},"author":1,"featured_media":0,"parent":0,"menu_order":0,"comment_status":"closed","ping_status":"closed","template":"","meta":{"site-sidebar-layout":"no-sidebar","site-content-layout":"page-builder","ast-global-header-display":"","ast-main-header-display":"","ast-hfb-above-header-display":"","ast-hfb-below-header-display":"","ast-hfb-mobile-header-display":"","site-post-title":"disabled","ast-breadcrumbs-content":"","ast-featured-img":"disabled","footer-sml-layout":"","theme-transparent-header-meta":"","adv-header-id-meta":"","stick-header-meta":"","header-above-stick-meta":"","header-main-stick-meta":"","header-below-stick-meta":""},"_links":{"self":[{"href":"https:\/\/arslibera.com\/galleria-kuopio\/wp-json\/wp\/v2\/pages\/1515"}],"collection":[{"href":"https:\/\/arslibera.com\/galleria-kuopio\/wp-json\/wp\/v2\/pages"}],"about":[{"href":"https:\/\/arslibera.com\/galleria-kuopio\/wp-json\/wp\/v2\/types\/page"}],"author":[{"embeddable":true,"href":"https:\/\/arslibera.com\/galleria-kuopio\/wp-json\/wp\/v2\/users\/1"}],"replies":[{"embeddable":true,"href":"https:\/\/arslibera.com\/galleria-kuopio\/wp-json\/wp\/v2\/comments?post=1515"}],"version-history":[{"count":115,"href":"https:\/\/arslibera.com\/galleria-kuopio\/wp-json\/wp\/v2\/pages\/1515\/revisions"}],"predecessor-version":[{"id":2291,"href":"https:\/\/arslibera.com\/galleria-kuopio\/wp-json\/wp\/v2\/pages\/1515\/revisions\/2291"}],"wp:attachment":[{"href":"https:\/\/arslibera.com\/galleria-kuopio\/wp-json\/wp\/v2\/media?parent=1515"}],"curies":[{"name":"wp","href":"https:\/\/api.w.org\/{rel}","templated":true}]}}