{"id":1319,"date":"2021-11-21T15:14:19","date_gmt":"2021-11-21T15:14:19","guid":{"rendered":"https:\/\/arslibera.com\/galleria-kuopio\/about\/"},"modified":"2023-01-04T08:38:04","modified_gmt":"2023-01-04T08:38:04","slug":"galleria","status":"publish","type":"page","link":"https:\/\/arslibera.com\/galleria-kuopio\/galleria\/","title":{"rendered":"GalleriA"},"content":{"rendered":"\t\t<div data-elementor-type=\"wp-page\" data-elementor-id=\"1319\" class=\"elementor elementor-1319\">\n\t\t\t\t\t\t\t\t\t<section class=\"elementor-section elementor-top-section elementor-element elementor-element-c8ddeb6 elementor-section-height-min-height elementor-section-boxed elementor-section-height-default elementor-section-items-middle\" data-id=\"c8ddeb6\" data-element_type=\"section\" data-settings=\"{&quot;background_background&quot;:&quot;classic&quot;}\">\n\t\t\t\t\t\t\t<div class=\"elementor-background-overlay\"><\/div>\n\t\t\t\t\t\t\t<div class=\"elementor-container elementor-column-gap-default\">\n\t\t\t\t\t<div class=\"elementor-column elementor-col-100 elementor-top-column elementor-element elementor-element-6a5337e\" data-id=\"6a5337e\" data-element_type=\"column\">\n\t\t\t<div class=\"elementor-widget-wrap\">\n\t\t\t\t\t\t\t\t\t<\/div>\n\t\t<\/div>\n\t\t\t\t\t\t\t<\/div>\n\t\t<\/section>\n\t\t\t\t<section class=\"elementor-section elementor-top-section elementor-element elementor-element-034f786 elementor-section-boxed elementor-section-height-default elementor-section-height-default\" data-id=\"034f786\" data-element_type=\"section\">\n\t\t\t\t\t\t<div class=\"elementor-container elementor-column-gap-default\">\n\t\t\t\t\t<div class=\"elementor-column elementor-col-100 elementor-top-column elementor-element elementor-element-ba0c118\" data-id=\"ba0c118\" data-element_type=\"column\">\n\t\t\t<div class=\"elementor-widget-wrap elementor-element-populated\">\n\t\t\t\t\t\t\t\t<div class=\"elementor-element elementor-element-73d8bbe elementor-widget elementor-widget-text-editor\" data-id=\"73d8bbe\" data-element_type=\"widget\" data-widget_type=\"text-editor.default\">\n\t\t\t\t<div class=\"elementor-widget-container\">\n\t\t\t<style>\/*! elementor - v3.6.8 - 27-07-2022 *\/\n.elementor-widget-text-editor.elementor-drop-cap-view-stacked .elementor-drop-cap{background-color:#818a91;color:#fff}.elementor-widget-text-editor.elementor-drop-cap-view-framed .elementor-drop-cap{color:#818a91;border:3px solid;background-color:transparent}.elementor-widget-text-editor:not(.elementor-drop-cap-view-default) .elementor-drop-cap{margin-top:8px}.elementor-widget-text-editor:not(.elementor-drop-cap-view-default) .elementor-drop-cap-letter{width:1em;height:1em}.elementor-widget-text-editor .elementor-drop-cap{float:left;text-align:center;line-height:1;font-size:50px}.elementor-widget-text-editor .elementor-drop-cap-letter{display:inline-block}<\/style>\t\t\t\t<h5>\u00a0<\/h5><h5>GalleriA on Kuopion taidemuseon ja Kuopion kuvataiteilijat ry \u2013 Ars Liberan yhteisty\u00f6galleria, joka toimii Kuopion taidemuseon tiloissa. Pohjoissavolaiseen kuvataiteeseen keskittyv\u00e4 galleria on taiteilijoille n\u00e4yttelyvuokraton ja k\u00e4vij\u00f6ille p\u00e4\u00e4symaksuton. GalleriA:n tavoite on monipuolistaa taiteen n\u00e4yttely- ja myyntitarjontaa Pohjois-Savossa.<\/h5><h5 dir=\"ltr\">GalleriA is a collaborative gallery of the Kuopio Art Museum and the Kuopio Artists\u2019 Association &#8211; Ars Libera operating in the premises of Kuopio Art Museum. The gallery focuses on presenting Northern Savonian art. GalleriA is free for artists and visitors.<\/h5><p>\u00a0<\/p><p>Kuva: Jaana J\u00e4\u00e4skel\u00e4inen, Kuopion taidemuseo<\/p>\t\t\t\t\t\t<\/div>\n\t\t\t\t<\/div>\n\t\t\t\t\t<\/div>\n\t\t<\/div>\n\t\t\t\t\t\t\t<\/div>\n\t\t<\/section>\n\t\t\t\t\t\t\t<\/div>\n\t\t","protected":false},"excerpt":{"rendered":"<p>\u00a0 GalleriA on Kuopion taidemuseon ja Kuopion kuvataiteilijat ry \u2013 Ars Liberan yhteisty\u00f6galleria, joka toimii Kuopion taidemuseon tiloissa. Pohjoissavolaiseen kuvataiteeseen keskittyv\u00e4 galleria on taiteilijoille n\u00e4yttelyvuokraton ja k\u00e4vij\u00f6ille p\u00e4\u00e4symaksuton. GalleriA:n tavoite on monipuolistaa taiteen n\u00e4yttely- ja myyntitarjontaa Pohjois-Savossa. GalleriA is a collaborative gallery of the Kuopio Art Museum and the Kuopio Artists\u2019 Association &#8211; Ars Libera &hellip;<\/p>\n<p class=\"read-more\"> <a class=\"\" href=\"https:\/\/arslibera.com\/galleria-kuopio\/galleria\/\"> <span class=\"screen-reader-text\">GalleriA<\/span> Lue lis\u00e4\u00e4 &raquo;<\/a><\/p>\n","protected":false},"author":1,"featured_media":0,"parent":0,"menu_order":0,"comment_status":"closed","ping_status":"closed","template":"","meta":{"site-sidebar-layout":"no-sidebar","site-content-layout":"page-builder","ast-global-header-display":"","ast-main-header-display":"","ast-hfb-above-header-display":"","ast-hfb-below-header-display":"","ast-hfb-mobile-header-display":"","site-post-title":"disabled","ast-breadcrumbs-content":"","ast-featured-img":"disabled","footer-sml-layout":"","theme-transparent-header-meta":"enabled","adv-header-id-meta":"","stick-header-meta":"","header-above-stick-meta":"","header-main-stick-meta":"","header-below-stick-meta":""},"_links":{"self":[{"href":"https:\/\/arslibera.com\/galleria-kuopio\/wp-json\/wp\/v2\/pages\/1319"}],"collection":[{"href":"https:\/\/arslibera.com\/galleria-kuopio\/wp-json\/wp\/v2\/pages"}],"about":[{"href":"https:\/\/arslibera.com\/galleria-kuopio\/wp-json\/wp\/v2\/types\/page"}],"author":[{"embeddable":true,"href":"https:\/\/arslibera.com\/galleria-kuopio\/wp-json\/wp\/v2\/users\/1"}],"replies":[{"embeddable":true,"href":"https:\/\/arslibera.com\/galleria-kuopio\/wp-json\/wp\/v2\/comments?post=1319"}],"version-history":[{"count":68,"href":"https:\/\/arslibera.com\/galleria-kuopio\/wp-json\/wp\/v2\/pages\/1319\/revisions"}],"predecessor-version":[{"id":2050,"href":"https:\/\/arslibera.com\/galleria-kuopio\/wp-json\/wp\/v2\/pages\/1319\/revisions\/2050"}],"wp:attachment":[{"href":"https:\/\/arslibera.com\/galleria-kuopio\/wp-json\/wp\/v2\/media?parent=1319"}],"curies":[{"name":"wp","href":"https:\/\/api.w.org\/{rel}","templated":true}]}}