{"id":1318,"date":"2021-11-21T15:12:46","date_gmt":"2021-11-21T15:12:46","guid":{"rendered":"https:\/\/arslibera.com\/galleria-kuopio\/home\/"},"modified":"2026-03-10T10:34:57","modified_gmt":"2026-03-10T10:34:57","slug":"home","status":"publish","type":"page","link":"https:\/\/arslibera.com\/galleria-kuopio\/","title":{"rendered":"Etusivu"},"content":{"rendered":"\t\t<div data-elementor-type=\"wp-page\" data-elementor-id=\"1318\" class=\"elementor elementor-1318\">\n\t\t\t\t\t\t\t\t\t<section class=\"elementor-section elementor-top-section elementor-element elementor-element-ca7541c elementor-section-height-min-height elementor-section-boxed elementor-section-height-default elementor-section-items-middle\" data-id=\"ca7541c\" data-element_type=\"section\" data-settings=\"{&quot;background_background&quot;:&quot;classic&quot;}\">\n\t\t\t\t\t\t\t<div class=\"elementor-background-overlay\"><\/div>\n\t\t\t\t\t\t\t<div class=\"elementor-container elementor-column-gap-default\">\n\t\t\t\t\t<div class=\"elementor-column elementor-col-100 elementor-top-column elementor-element elementor-element-d911b40\" data-id=\"d911b40\" data-element_type=\"column\">\n\t\t\t<div class=\"elementor-widget-wrap\">\n\t\t\t\t\t\t\t\t\t<\/div>\n\t\t<\/div>\n\t\t\t\t\t\t\t<\/div>\n\t\t<\/section>\n\t\t\t\t<section class=\"elementor-section elementor-top-section elementor-element elementor-element-7701125 elementor-section-boxed elementor-section-height-default elementor-section-height-default\" data-id=\"7701125\" data-element_type=\"section\">\n\t\t\t\t\t\t<div class=\"elementor-container elementor-column-gap-default\">\n\t\t\t\t\t<div class=\"elementor-column elementor-col-100 elementor-top-column elementor-element elementor-element-9ad04ba\" data-id=\"9ad04ba\" data-element_type=\"column\">\n\t\t\t<div class=\"elementor-widget-wrap elementor-element-populated\">\n\t\t\t\t\t\t\t\t<div class=\"elementor-element elementor-element-13ae7bf elementor-widget elementor-widget-heading\" data-id=\"13ae7bf\" data-element_type=\"widget\" data-widget_type=\"heading.default\">\n\t\t\t\t<div class=\"elementor-widget-container\">\n\t\t\t<style>\/*! elementor - v3.6.8 - 27-07-2022 *\/\n.elementor-heading-title{padding:0;margin:0;line-height:1}.elementor-widget-heading .elementor-heading-title[class*=elementor-size-]>a{color:inherit;font-size:inherit;line-height:inherit}.elementor-widget-heading .elementor-heading-title.elementor-size-small{font-size:15px}.elementor-widget-heading .elementor-heading-title.elementor-size-medium{font-size:19px}.elementor-widget-heading .elementor-heading-title.elementor-size-large{font-size:29px}.elementor-widget-heading .elementor-heading-title.elementor-size-xl{font-size:39px}.elementor-widget-heading .elementor-heading-title.elementor-size-xxl{font-size:59px}<\/style><h2 class=\"elementor-heading-title elementor-size-default\">Sanna Kananoja - Puolen vuoden vuoristo 13.3.-10.5.2026<\/h2>\t\t<\/div>\n\t\t\t\t<\/div>\n\t\t\t\t<div class=\"elementor-element elementor-element-9c7221f elementor-widget-divider--view-line elementor-widget elementor-widget-divider\" data-id=\"9c7221f\" data-element_type=\"widget\" data-widget_type=\"divider.default\">\n\t\t\t\t<div class=\"elementor-widget-container\">\n\t\t\t<style>\/*! elementor - v3.6.8 - 27-07-2022 *\/\n.elementor-widget-divider{--divider-border-style:none;--divider-border-width:1px;--divider-color:#2c2c2c;--divider-icon-size:20px;--divider-element-spacing:10px;--divider-pattern-height:24px;--divider-pattern-size:20px;--divider-pattern-url:none;--divider-pattern-repeat:repeat-x}.elementor-widget-divider .elementor-divider{display:-webkit-box;display:-ms-flexbox;display:flex}.elementor-widget-divider .elementor-divider__text{font-size:15px;line-height:1;max-width:95%}.elementor-widget-divider .elementor-divider__element{margin:0 var(--divider-element-spacing);-ms-flex-negative:0;flex-shrink:0}.elementor-widget-divider .elementor-icon{font-size:var(--divider-icon-size)}.elementor-widget-divider .elementor-divider-separator{display:-webkit-box;display:-ms-flexbox;display:flex;margin:0;direction:ltr}.elementor-widget-divider--view-line_icon .elementor-divider-separator,.elementor-widget-divider--view-line_text .elementor-divider-separator{-webkit-box-align:center;-ms-flex-align:center;align-items:center}.elementor-widget-divider--view-line_icon .elementor-divider-separator:after,.elementor-widget-divider--view-line_icon .elementor-divider-separator:before,.elementor-widget-divider--view-line_text .elementor-divider-separator:after,.elementor-widget-divider--view-line_text .elementor-divider-separator:before{display:block;content:\"\";border-bottom:0;-webkit-box-flex:1;-ms-flex-positive:1;flex-grow:1;border-top:var(--divider-border-width) var(--divider-border-style) var(--divider-color)}.elementor-widget-divider--element-align-left .elementor-divider .elementor-divider-separator>.elementor-divider__svg:first-of-type{-webkit-box-flex:0;-ms-flex-positive:0;flex-grow:0;-ms-flex-negative:100;flex-shrink:100}.elementor-widget-divider--element-align-left .elementor-divider-separator:before{content:none}.elementor-widget-divider--element-align-left .elementor-divider__element{margin-left:0}.elementor-widget-divider--element-align-right .elementor-divider .elementor-divider-separator>.elementor-divider__svg:last-of-type{-webkit-box-flex:0;-ms-flex-positive:0;flex-grow:0;-ms-flex-negative:100;flex-shrink:100}.elementor-widget-divider--element-align-right .elementor-divider-separator:after{content:none}.elementor-widget-divider--element-align-right .elementor-divider__element{margin-right:0}.elementor-widget-divider:not(.elementor-widget-divider--view-line_text):not(.elementor-widget-divider--view-line_icon) .elementor-divider-separator{border-top:var(--divider-border-width) var(--divider-border-style) var(--divider-color)}.elementor-widget-divider--separator-type-pattern{--divider-border-style:none}.elementor-widget-divider--separator-type-pattern.elementor-widget-divider--view-line .elementor-divider-separator,.elementor-widget-divider--separator-type-pattern:not(.elementor-widget-divider--view-line) .elementor-divider-separator:after,.elementor-widget-divider--separator-type-pattern:not(.elementor-widget-divider--view-line) .elementor-divider-separator:before,.elementor-widget-divider--separator-type-pattern:not([class*=elementor-widget-divider--view]) .elementor-divider-separator{width:100%;min-height:var(--divider-pattern-height);-webkit-mask-size:var(--divider-pattern-size) 100%;mask-size:var(--divider-pattern-size) 100%;-webkit-mask-repeat:var(--divider-pattern-repeat);mask-repeat:var(--divider-pattern-repeat);background-color:var(--divider-color);-webkit-mask-image:var(--divider-pattern-url);mask-image:var(--divider-pattern-url)}.elementor-widget-divider--no-spacing{--divider-pattern-size:auto}.elementor-widget-divider--bg-round{--divider-pattern-repeat:round}.rtl .elementor-widget-divider .elementor-divider__text{direction:rtl}.e-container>.elementor-widget-divider{width:var(--container-widget-width,100%);-webkit-box-flex:1;-ms-flex-positive:1;flex-grow:1}<\/style>\t\t<div class=\"elementor-divider\">\n\t\t\t<span class=\"elementor-divider-separator\">\n\t\t\t\t\t\t<\/span>\n\t\t<\/div>\n\t\t\t\t<\/div>\n\t\t\t\t<\/div>\n\t\t\t\t\t<\/div>\n\t\t<\/div>\n\t\t\t\t\t\t\t<\/div>\n\t\t<\/section>\n\t\t\t\t<section class=\"elementor-section elementor-top-section elementor-element elementor-element-2d8ba58 elementor-section-boxed elementor-section-height-default elementor-section-height-default\" data-id=\"2d8ba58\" data-element_type=\"section\" data-settings=\"{&quot;background_background&quot;:&quot;classic&quot;}\">\n\t\t\t\t\t\t<div class=\"elementor-container elementor-column-gap-default\">\n\t\t\t\t\t<div class=\"elementor-column elementor-col-33 elementor-top-column elementor-element elementor-element-94a6090\" data-id=\"94a6090\" data-element_type=\"column\">\n\t\t\t<div class=\"elementor-widget-wrap\">\n\t\t\t\t\t\t\t\t\t<\/div>\n\t\t<\/div>\n\t\t\t\t<div class=\"elementor-column elementor-col-33 elementor-top-column elementor-element elementor-element-ba33ca0\" data-id=\"ba33ca0\" data-element_type=\"column\">\n\t\t\t<div class=\"elementor-widget-wrap elementor-element-populated\">\n\t\t\t\t\t\t\t\t<section class=\"elementor-section elementor-inner-section elementor-element elementor-element-76b9f3b elementor-section-boxed elementor-section-height-default elementor-section-height-default\" data-id=\"76b9f3b\" data-element_type=\"section\">\n\t\t\t\t\t\t<div class=\"elementor-container elementor-column-gap-default\">\n\t\t\t\t\t<div class=\"elementor-column elementor-col-50 elementor-inner-column elementor-element elementor-element-a762e44\" data-id=\"a762e44\" data-element_type=\"column\">\n\t\t\t<div class=\"elementor-widget-wrap elementor-element-populated\">\n\t\t\t\t\t\t\t\t<div class=\"elementor-element elementor-element-002d27f elementor-widget elementor-widget-text-editor\" data-id=\"002d27f\" data-element_type=\"widget\" data-widget_type=\"text-editor.default\">\n\t\t\t\t<div class=\"elementor-widget-container\">\n\t\t\t<style>\/*! elementor - v3.6.8 - 27-07-2022 *\/\n.elementor-widget-text-editor.elementor-drop-cap-view-stacked .elementor-drop-cap{background-color:#818a91;color:#fff}.elementor-widget-text-editor.elementor-drop-cap-view-framed .elementor-drop-cap{color:#818a91;border:3px solid;background-color:transparent}.elementor-widget-text-editor:not(.elementor-drop-cap-view-default) .elementor-drop-cap{margin-top:8px}.elementor-widget-text-editor:not(.elementor-drop-cap-view-default) .elementor-drop-cap-letter{width:1em;height:1em}.elementor-widget-text-editor .elementor-drop-cap{float:left;text-align:center;line-height:1;font-size:50px}.elementor-widget-text-editor .elementor-drop-cap-letter{display:inline-block}<\/style>\t\t\t\t<p><strong>Sanna Kananoja &#8211; Puolen vuoden vuoristo<\/strong><\/p><p><br \/><strong>13.3.- 10.5.2026 | GalleriA, KUMMA<\/strong><\/p><p>Avajaiset torstaina 12.3.2026 klo 17-18.30<\/p><p>Taiteilija tavattavissa sunnuntaina 10.5.2026 klo 15-17.<\/p><p><br \/>GalleriAssa on n\u00e4ht\u00e4vill\u00e4 teoksia Sanna Kananojan uudesta maalaussarjasta Puolen vuoden vuoristo, jossa h\u00e4n tarkastelee toiston keinoin l\u00e4ht\u00f6kohdan ja maalausprosessin suhdetta valokuvaan pohjautuvassa ty\u00f6skentelyss\u00e4\u00e4n. Sarjan jokaisella teoksella on t\u00e4ysin sama l\u00e4ht\u00f6kohta, valokuva lumikasasta. T\u00e4m\u00e4 kuva edustaa itsest\u00e4\u00e4nselv\u00e4\u00e4, toimivaa, ihmisen ehdoilla rakennettua ja hyv\u00e4ksytty\u00e4 arkiluontoa.<\/p><p>\u00a0<\/p><p><span style=\"font-weight: 400;\">Puolen vuoden vuoristo k\u00e4sittelee l\u00e4hiluontoa arjen toistuvuuteen, p\u00e4ivien ja hetkien <\/span><span style=\"font-weight: 400;\">samankaltaisuuteen paneutuen. Asioiden katsomisen ja n\u00e4kemisen ero on tutulla matkalla selv\u00e4\u00e4.\u00a0 <\/span><span style=\"font-weight: 400;\">Aiheena on tavallisuus: sen turvallisuus, n\u00e4kym\u00e4tt\u00f6myys ja kyseenalaistamattomuus. Tiet ja niiden vierustat merkitsev\u00e4t valtavaa m\u00e4\u00e4r\u00e4\u00e4 maanmuokkausta. Kallioita r\u00e4j\u00e4ytet\u00e4\u00e4n, puita kaadetaan, maata kaivetaan ja veden virtausta ohjataan. Suurin osa maapallon maapinta-alasta on jo ihmisen toimesta muuttunut. Kananojan teoksissa esiintyv\u00e4 pieni pala maanpintaa edustaa t\u00e4t\u00e4 suurempaa ilmi\u00f6t\u00e4. Maalaussarjan l\u00e4ht\u00f6kohtana ovat j\u00e4rjestelm\u00e4lliset, v\u00e4ltt\u00e4m\u00e4tt\u00f6myyden tuloksena syntyneet n\u00e4kym\u00e4t &#8211; tienvierien lumikasat. Ne tyypitt\u00e4v\u00e4t maisemaa jopa puolen vuoden ajan. Laakeaan maisemaan kohoaa pieni\u00e4 vuorimuodostelmia, jotka jatkuvat kilometri toisensa per\u00e4\u00e4n samanlaisina. Koneen muodostamia kasoja, samanaikaisesti syntyneit\u00e4, kasvaneita, sulaneita, kev\u00e4\u00e4n koittaessa ruskeita. Lumikasat ovat paitsi lunta my\u00f6s soraa, hiekkaa, suolaa ja roskia.<\/span><\/p><p>\u00a0<\/p><p><span style=\"font-weight: 400;\">Kananojan teosten maisemia ei arjessa aina edes ajatella todellisena luontona, vaan se on osa ihmisen k\u00e4yt\u00e4nt\u00f6 edell\u00e4 rakentamaa ymp\u00e4rist\u00f6\u00e4. Maalauksissa asia k\u00e4\u00e4ntyy ymp\u00e4ri \u2013 niiss\u00e4 katsoja n\u00e4kee luonnon, se saa itseisarvoisen merkityksen, ja arkisista ymp\u00e4rist\u00f6ist\u00e4 tulee hetkeksi ihannemaisemia. Romantiikan aikana ihminen kuvattiin pieneksi suurten luonnonvoimien \u00e4\u00e4rell\u00e4 esimerkiksi yksin\u00e4isen vuoren huipulla. Kananoja esitt\u00e4\u00e4 teoksissaan samaa arkisin elementein: ihminen tekee tekojaan hallitakseen, luonto etsii oman uomansa ollen pienen\u00e4kin suuri, villi ja arvaamaton.<\/span><\/p><p><span style=\"font-weight: 400;\">Toisto tuo rutiinia ja altistaa tylsistymiselle Kananojan paneutuessa pitk\u00e4j\u00e4nteisesti samaan <\/span><span style=\"font-weight: 400;\">luonnosvalokuvaan. Aihe painuu toissijaiseksi mutta tulee samalla alleviivatuksi. Sarjan teoksissa on jatkuvasti l\u00e4sn\u00e4 muutos ja muuttumattomuus. Ne tuovat esille maalausprosessin hallitsemisen ja hallitsemattomuuden, jossa tavoitteena on aina aloittaa alusta.<\/span><\/p><p>\u00a0<\/p><p><b>Sanna Kananoja<\/b><span style=\"font-weight: 400;\"> (s.1979) tarkastee teoksissaan luonnon ja ihmisen suhdetta maisemamaalauksen keinoin. Aiheena h\u00e4nell\u00e4 ovat ihmisen arkiset toimet ymp\u00e4rist\u00f6ss\u00e4mme kuten erilaiset kasat, r\u00e4j\u00e4ytetyt kalliot ja kaivetut ojat. Tekniikkana h\u00e4n k\u00e4ytt\u00e4\u00e4 kananmunatemperaa rakentamalla teokset useista l\u00e4pikuultavista, paikoin piirrosmaisista kerroksista. Kananojan teoksia on ollut esill\u00e4 useissa yksityis- ja ryhm\u00e4n\u00e4yttelyiss\u00e4 2007 alkaen.<\/span><\/p><p>\u00a0<\/p><p>ENG:\u00a0<\/p><p>\u00a0<\/p><p><b>Sanna Kananoja &#8211; Half-Year Mountains<\/b><\/p><p><strong>13.3.- 10.5.2026 | GalleriA, KUMMA<\/strong><\/p><p>Opening: Thursday 12 March 17-18.30<\/p><p>Meet the artist:<span style=\"font-weight: 400;\"> Sunday 10 May 15-17<\/span><\/p><p>\u00a0<\/p><p><span style=\"font-weight: 400;\">GalleriA features works from Sanna Kananoja&#8217;s new painting series <\/span><i><span style=\"font-weight: 400;\">Half-Year Mountains<\/span><\/i><span style=\"font-weight: 400;\">, in which she examines the relationship between the starting point and the painting process through repetition in her photography-based work. Each work in the series has exactly the same starting point, a photograph of a pile of snow. This image represents self-evident, functional, man-made and accepted everyday nature.<\/span><\/p><p>\u00a0<\/p><p><span style=\"font-weight: 400;\">The six-month mountain range deals with local nature, focusing on the repetition of everyday life and the similarity of days and moments. The difference between looking at and seeing things is clear on a familiar journey. The theme is ordinariness: its safety, invisibility and unquestionability. Roads and their surroundings mean a huge amount of soil preparation. Rocks are blasted, trees are felled, soil is dug, and the flow of water is controlled. Most of the Earth&#8217;s land area has already been changed by humans. The small piece of the ground in Kananoja&#8217;s works represents this larger phenomenon. The starting point for the series of paintings is the systematic, inevitable views \u2013 piles of snow on the roadsides. They are a typical landscape in Finland for up to six months of the year. Small mountain formations rise in the flat landscape, which continue in the same way for kilometre after kilometre. Piles formed by the machine, simultaneously born, grown, melted, brown when spring comes. Piles of snow are not only snow, but also gravel, sand, salt and rubbish.\u00a0<\/span><\/p><p>\u00a0<\/p><p><span style=\"font-weight: 400;\">In everyday life, the landscapes in Kananoja&#8217;s works are not even thought of as real nature, but it is part of the built environment. In the paintings, the matter is reversed \u2013 in them, the viewer sees nature, it acquires an intrinsic meaning, and everyday environments become ideal landscapes for a moment. During the Romantic period, man was depicted as small in front of great forces of nature, for example, on the top of a lonely mountain. In her works, Kananoja depicts the same with everyday elements: humans act in order to control but nature seeks its own way, being small, big, wild and unpredictable.\u00a0<\/span><\/p><p>\u00a0<\/p><p><span style=\"font-weight: 400;\">Repetition brings routine and exposes to boredom as Kananoja focuses on the same sketch photo for a long time. The subject recedes into the background but is underlined at the same time. Change and immutability are constantly present in the paintings. They highlight the control and uncontrollability of the painting process, where the goal is always to start from the beginning.<\/span><\/p><p>\u00a0<\/p><p><b>Sanna Kananoja<\/b><span style=\"font-weight: 400;\"> (b.1979) examines the relationship between nature and people through landscape painting. Her subjects are everyday human activities in our environment, such as blasted rocks and dug ditches. She uses egg tempera as a technique, building the works from several translucent layers. Kananoja&#8217;s works have been exhibited in several solo and group exhibitions since 2007.<\/span><\/p><p>\u00a0<\/p><p>\/\/<\/p><p>\u00a0<\/p><p>Kuva: Sanna Kananoja, sarjasta Puolen vuoden vuoristo, Lumen v\u00e4ri, 142x181cm, tempera kankaalle, 2024<\/p><p>\u00a0<\/p><p>\u00a0<\/p><p>\u00a0<\/p><p>\u00a0<\/p><p>\u00a0<\/p>\t\t\t\t\t\t<\/div>\n\t\t\t\t<\/div>\n\t\t\t\t\t<\/div>\n\t\t<\/div>\n\t\t\t\t<div class=\"elementor-column elementor-col-50 elementor-inner-column elementor-element elementor-element-0ff41cf\" data-id=\"0ff41cf\" data-element_type=\"column\">\n\t\t\t<div class=\"elementor-widget-wrap\">\n\t\t\t\t\t\t\t\t\t<\/div>\n\t\t<\/div>\n\t\t\t\t\t\t\t<\/div>\n\t\t<\/section>\n\t\t\t\t<div class=\"elementor-element elementor-element-17acd33 elementor-widget elementor-widget-text-editor\" data-id=\"17acd33\" data-element_type=\"widget\" data-widget_type=\"text-editor.default\">\n\t\t\t\t<div class=\"elementor-widget-container\">\n\t\t\t\t\t\t\t\t\t\t\t\t\t<\/div>\n\t\t\t\t<\/div>\n\t\t\t\t<div class=\"elementor-element elementor-element-c80bddd elementor-widget elementor-widget-text-editor\" data-id=\"c80bddd\" data-element_type=\"widget\" data-widget_type=\"text-editor.default\">\n\t\t\t\t<div class=\"elementor-widget-container\">\n\t\t\t\t\t\t\t\t\t\t\t\t\t<\/div>\n\t\t\t\t<\/div>\n\t\t\t\t\t<\/div>\n\t\t<\/div>\n\t\t\t\t<div class=\"elementor-column elementor-col-33 elementor-top-column elementor-element elementor-element-9a0a136\" data-id=\"9a0a136\" data-element_type=\"column\">\n\t\t\t<div class=\"elementor-widget-wrap elementor-element-populated\">\n\t\t\t\t\t\t\t\t\t<\/div>\n\t\t<\/div>\n\t\t\t\t\t\t\t<\/div>\n\t\t<\/section>\n\t\t\t\t\t\t\t<\/div>\n\t\t","protected":false},"excerpt":{"rendered":"<p>Sanna Kananoja &#8211; Puolen vuoden vuoristo 13.3.-10.5.2026 Sanna Kananoja &#8211; Puolen vuoden vuoristo 13.3.- 10.5.2026 | GalleriA, KUMMA Avajaiset torstaina 12.3.2026 klo 17-18.30 Taiteilija tavattavissa sunnuntaina 10.5.2026 klo 15-17. GalleriAssa on n\u00e4ht\u00e4vill\u00e4 teoksia Sanna Kananojan uudesta maalaussarjasta Puolen vuoden vuoristo, jossa h\u00e4n tarkastelee toiston keinoin l\u00e4ht\u00f6kohdan ja maalausprosessin suhdetta valokuvaan pohjautuvassa ty\u00f6skentelyss\u00e4\u00e4n. Sarjan jokaisella teoksella &hellip;<\/p>\n<p class=\"read-more\"> <a class=\"\" href=\"https:\/\/arslibera.com\/galleria-kuopio\/\"> <span class=\"screen-reader-text\">Etusivu<\/span> Lue lis\u00e4\u00e4 &raquo;<\/a><\/p>\n","protected":false},"author":1,"featured_media":0,"parent":0,"menu_order":0,"comment_status":"closed","ping_status":"closed","template":"","meta":{"site-sidebar-layout":"no-sidebar","site-content-layout":"page-builder","ast-global-header-display":"","ast-main-header-display":"","ast-hfb-above-header-display":"","ast-hfb-below-header-display":"","ast-hfb-mobile-header-display":"","site-post-title":"disabled","ast-breadcrumbs-content":"","ast-featured-img":"disabled","footer-sml-layout":"","theme-transparent-header-meta":"enabled","adv-header-id-meta":"","stick-header-meta":"","header-above-stick-meta":"","header-main-stick-meta":"","header-below-stick-meta":""},"_links":{"self":[{"href":"https:\/\/arslibera.com\/galleria-kuopio\/wp-json\/wp\/v2\/pages\/1318"}],"collection":[{"href":"https:\/\/arslibera.com\/galleria-kuopio\/wp-json\/wp\/v2\/pages"}],"about":[{"href":"https:\/\/arslibera.com\/galleria-kuopio\/wp-json\/wp\/v2\/types\/page"}],"author":[{"embeddable":true,"href":"https:\/\/arslibera.com\/galleria-kuopio\/wp-json\/wp\/v2\/users\/1"}],"replies":[{"embeddable":true,"href":"https:\/\/arslibera.com\/galleria-kuopio\/wp-json\/wp\/v2\/comments?post=1318"}],"version-history":[{"count":341,"href":"https:\/\/arslibera.com\/galleria-kuopio\/wp-json\/wp\/v2\/pages\/1318\/revisions"}],"predecessor-version":[{"id":2598,"href":"https:\/\/arslibera.com\/galleria-kuopio\/wp-json\/wp\/v2\/pages\/1318\/revisions\/2598"}],"wp:attachment":[{"href":"https:\/\/arslibera.com\/galleria-kuopio\/wp-json\/wp\/v2\/media?parent=1318"}],"curies":[{"name":"wp","href":"https:\/\/api.w.org\/{rel}","templated":true}]}}